{"id":10131,"date":"2025-09-10T21:14:39","date_gmt":"2025-09-10T19:14:39","guid":{"rendered":"https:\/\/mifoto.hu\/beta\/?page_id=10131"},"modified":"2025-09-10T20:59:25","modified_gmt":"2025-09-10T18:59:25","slug":"prompt-generator","status":"publish","type":"page","link":"https:\/\/www.mifoto.hu\/beta\/prompt-generator\/","title":{"rendered":"Prompt gener\u00e1tor"},"content":{"rendered":"<div class=\"pmpro\"><div class=\"pmpro_card pmpro_content_message\"><h2 class=\"pmpro_card_title pmpro_font-large\"><svg xmlns=\"http:\/\/www.w3.org\/2000\/svg\" width=\"24\" height=\"24\" viewBox=\"0 0 24 24\" fill=\"none\" stroke=\"var(--pmpro--color--accent)\" stroke-width=\"2\" stroke-linecap=\"round\" stroke-linejoin=\"round\" class=\"feather feather-lock\"><rect x=\"3\" y=\"11\" width=\"18\" height=\"11\" rx=\"2\" ry=\"2\"><\/rect><path d=\"M7 11V7a5 5 0 0 1 10 0v4\"><\/path><\/svg>Tags\u00e1g sz\u00fcks\u00e9ges<\/h2><div class=\"pmpro_card_content\"><p> A tartalom el\u00e9r\u00e9s\u00e9hez tagnak kell lenned.<\/p><p><a class=\"pmpro_btn\" href=\"https:\/\/www.mifoto.hu\/beta\/csomagok\/\">Tags\u00e1gi szintek megtekint\u00e9se<\/a><\/p><\/div><div class=\"pmpro_card_actions pmpro_font-medium\">M\u00e1r tag vagy? <a href=\"https:\/\/www.mifoto.hu\/beta\/login\/?redirect_to=https%3A%2F%2Fwww.mifoto.hu%2Fbeta%2Fprompt-generator%2F\">L\u00e9pj be itt<\/a><\/div><\/div><\/div>","protected":false},"excerpt":{"rendered":"<div class=\"pmpro\"><div class=\"pmpro_card pmpro_content_message\"><h2 class=\"pmpro_card_title pmpro_font-large\"><svg xmlns=\"http:\/\/www.w3.org\/2000\/svg\" width=\"24\" height=\"24\" viewBox=\"0 0 24 24\" fill=\"none\" stroke=\"var(--pmpro--color--accent)\" stroke-width=\"2\" stroke-linecap=\"round\" stroke-linejoin=\"round\" class=\"feather feather-lock\"><rect x=\"3\" y=\"11\" width=\"18\" height=\"11\" rx=\"2\" ry=\"2\"><\/rect><path d=\"M7 11V7a5 5 0 0 1 10 0v4\"><\/path><\/svg>Tags\u00e1g sz\u00fcks\u00e9ges<\/h2><div class=\"pmpro_card_content\"><p> A tartalom el\u00e9r\u00e9s\u00e9hez tagnak kell lenned.<\/p><p><a class=\"pmpro_btn\" href=\"https:\/\/www.mifoto.hu\/beta\/csomagok\/\">Tags\u00e1gi szintek megtekint\u00e9se<\/a><\/p><\/div><div class=\"pmpro_card_actions pmpro_font-medium\">M\u00e1r tag vagy? <a href=\"https:\/\/www.mifoto.hu\/beta\/login\/?redirect_to=https%3A%2F%2Fwww.mifoto.hu%2Fbeta%2Fprompt-generator%2F\">L\u00e9pj be itt<\/a><\/div><\/div><\/div>","protected":false},"author":1,"featured_media":0,"parent":0,"menu_order":0,"comment_status":"closed","ping_status":"closed","template":"","meta":{"pmpro_default_level":"","footnotes":""},"class_list":["post-10131","page","type-page","status-publish","hentry","pmpro-level-required","pmpro-level-1","pmpro-level-3","pmpro-no-access"],"_links":{"self":[{"href":"https:\/\/www.mifoto.hu\/beta\/wp-json\/wp\/v2\/pages\/10131","targetHints":{"allow":["GET"]}}],"collection":[{"href":"https:\/\/www.mifoto.hu\/beta\/wp-json\/wp\/v2\/pages"}],"about":[{"href":"https:\/\/www.mifoto.hu\/beta\/wp-json\/wp\/v2\/types\/page"}],"author":[{"embeddable":true,"href":"https:\/\/www.mifoto.hu\/beta\/wp-json\/wp\/v2\/users\/1"}],"replies":[{"embeddable":true,"href":"https:\/\/www.mifoto.hu\/beta\/wp-json\/wp\/v2\/comments?post=10131"}],"version-history":[{"count":0,"href":"https:\/\/www.mifoto.hu\/beta\/wp-json\/wp\/v2\/pages\/10131\/revisions"}],"wp:attachment":[{"href":"https:\/\/www.mifoto.hu\/beta\/wp-json\/wp\/v2\/media?parent=10131"}],"curies":[{"name":"wp","href":"https:\/\/api.w.org\/{rel}","templated":true}]}}