{"id":11208,"date":"2025-11-29T15:51:50","date_gmt":"2025-11-29T14:51:50","guid":{"rendered":"https:\/\/www.mifoto.hu\/?page_id=11208"},"modified":"2025-11-29T14:17:51","modified_gmt":"2025-11-29T13:17:51","slug":"teged-keresunk","status":"publish","type":"page","link":"https:\/\/www.mifoto.hu\/beta\/teged-keresunk\/","title":{"rendered":"T\u00e9ged keres\u00fcnk"},"content":{"rendered":"<input type=\"hidden\" value=\"\" data-essbisPostContainer=\"\" data-essbisPostUrl=\"https:\/\/www.mifoto.hu\/beta\/teged-keresunk\/\" data-essbisPostTitle=\"T\u00e9ged keres\u00fcnk\" data-essbisHoverContainer=\"\"><p>Szia!<\/p>\n<p><span style=\"color: #008000;\"><strong>Szeretsz \u00e9s van id\u0151d seg\u00edteni, \u00f6nk\u00e9nteskedni?\u00a0<\/strong><\/span><br \/>\n<span style=\"color: #008000;\"><strong>Szeretn\u00e9l egy j\u00f3 \u00fcgy mell\u00e9 \u00e1llni?<\/strong><\/span><br \/>\n<span style=\"color: #008000;\"><strong>Vagy m\u00e9g nem csin\u00e1lt\u00e1l ilyet kor\u00e1bban, de sz\u00edvesen kipr\u00f3b\u00e1ln\u00e1d?\u00a0<\/strong><\/span><\/p>\n<p>******<\/p>\n<p>Akkor mi nagyon \u00f6r\u00fcl\u00fcnk, hogy itt vagy \u00e9s olvasod e sorokat. Ez sz\u00e1munkra azt jelenti, hogy egyr\u00e9szt \u00e9rdekel a<strong> digit\u00e1lis m\u0171v\u00e9szet<\/strong>, m\u00e1sr\u00e9szt ami fontosabb, hogy szabad id\u0151db\u0151l szeretn\u00e9l egy j\u00f3 \u00fcgy mell\u00e9 \u00e1llva seg\u00edteni nek\u00fcnk.<\/p>\n<p>Az MIfoto.hu az <strong>els\u0151 olyan magyar k\u00f6z\u00f6ss\u00e9gi site<\/strong> az IWIW ut\u00e1n, ami igyekszik elhat\u00e1rol\u00f3dni a t\u00f6bbi social fel\u00fclet teljesen sablonos \u00e9s szem\u00e9lytelen mivolt\u00e1t\u00f3l, \u00e9s szeretne ki\u00e9p\u00edteni a saj\u00e1t mikr\u00f3 k\u00f6z\u00f6ss\u00e9g\u00e9t szuper tagokkal, emberekkel, \u00e9s bizton \u00e1ll\u00edthatom, hogy r\u00f6vid id\u0151n bel\u00fcl bar\u00e1tokkal is.<\/p>\n<p style=\"text-align: center;\">***<\/p>\n<p>A platform az\u00e9rt j\u00f6tt l\u00e9tre a semmib\u0151l, \u00f6ner\u0151b\u0151l &#8211; k\u00fcls\u0151 t\u00e1mogat\u00e1s n\u00e9lk\u00fcl &#8211; egy hirtelen \u00f6tlett\u0151l vez\u00e9relve, hogy teret adjon a vizu\u00e1lis t\u00f6rt\u00e9netmes\u00e9l\u00e9snek (digit\u00e1lis m\u0171v\u00e9szetnek). Egy olyan fel\u00fclet, ami teret ad a benned rejt\u0151zk\u00f6d\u0151 kreat\u00edv &#8220;Dali&#8221; felsz\u00ednre hoz\u00e1s\u00e1ra, hogy meg tudd mutatni m\u00e1soknak is a fejl\u0151d\u00e9sedet, a st\u00edlusodat, ahogy h\u00e9tr\u0151l &#8211; h\u00e9tre fejl\u0151dsz \u00e9s\u00a0 gondolataiddal pedig m\u00e1sokat is inspir\u00e1lsz.<\/p>\n<p>Platformunkon a k\u00e9pmegoszt\u00e1son t\u00fal biztos\u00edtunk k\u00f6z\u00f6ss\u00e9gi funkci\u00f3kat is (komment, like, megoszt\u00e1s), de ami enn\u00e9l fontosabb, hogy inform\u00e1lunk is. AI- val kapcsolatos pletyk\u00e1kat, h\u00edreket, bejelent\u00e9seket, egy\u00e9ni teszteket egyes gener\u00e1torokr\u00f3l, \u00e9s alap szint\u0171 eduk\u00e1ci\u00f3t is folytatunk.<\/p>\n<ul>\n<li>Hol tal\u00e1lsz olyan social oldalt, ami mindezt \u00fagy adja meg sz\u00e1modra, hogy ne gyomorideggel kelljen fell\u00e9pni a fel\u00fcletre, mert f\u00e9l\u0151, hogy egy troll betal\u00e1l?<\/li>\n<li>Hol van olyan k\u00f6z\u00f6ss\u00e9g, ami id\u0151nk\u00e9nt kil\u00e9pve a virtu\u00e1lis t\u00e9rb\u0151l meetupokat is tart?<\/li>\n<li>Hol van olyan fel\u00fclet, ami c\u00e9lzottan a digit\u00e1lis m\u0171v\u00e9szettel foglalkozik, mik\u00f6zben tan\u00edt is?<\/li>\n<\/ul>\n<p>Mi m\u00e9g nem tal\u00e1lkoztunk ilyennel, ez\u00e9rt is hoztuk l\u00e9tre az MIfoto-t.<\/p>\n<hr \/>\n<p>Viszont sz\u00fcks\u00e9g lenne \u00f6nk\u00e9ntesek seg\u00edts\u00e9g\u00e9re is, hogy az oldal p\u00f6r\u00f6gni tudjon, fejl\u0151dni, \u00e9s \u00e9rt\u00e9kes tartalmakkal tudja kiszolg\u00e1lni a tagokat \u00e9s az oldalra l\u00e1togat\u00f3kat.<\/p>\n<p>Ez\u00e9rt keres\u00fcnk olyan szem\u00e9lyt \/ szem\u00e9lyeket, akik szabad idej\u00fckb\u0151l tudnak r\u00e1nk \u00e9s a k\u00f6z\u00f6ss\u00e9gre \u00e1ldozni.<\/p>\n<p>&nbsp;<\/p>\n<p><strong><span style=\"text-decoration: underline;\">T\u00e9mak\u00f6r\u00f6k:\u00a0<\/span><\/strong><\/p>\n<ul>\n<li>Social: Pinterest \/ Instagram tartalomgy\u00e1rt\u00e1s<\/li>\n<li>&#8220;H\u00edrfigyel\u0151&#8221; \u00e9s tartalom gener\u00e1l\u00e1s<\/li>\n<li>&#8220;Prompter&#8221; &#8211; bizonyos ism\u00e9rvek alapj\u00e1n tesztelni promptokat, gener\u00e1torokat<\/li>\n<li>&#8220;\u00d6tletgazda&#8221;, ha tele vagy jobbn\u00e1l- jobb \u00f6tletekkel<\/li>\n<\/ul>\n<p>&nbsp;<\/p>\n<p>Minden seg\u00edt\u0151nk kap egy men\u0151 <em>\/ verified csillagot &#8211; aktivit\u00e1st\u00f3l f\u00fcgg\u0151en \/<\/em> &#8211; mint a Facebookon, csak itt ingyen megkapod.<br \/>\n<strong>+<\/strong> az akt\u00edv id\u0151szakodra (am\u00edg seg\u00edted a platform fejl\u0151d\u00e9s\u00e9t) a PRO csomag el\u0151nyeit is \u00e9lvezheted !<\/p>\n<p>Ha neked van p\u00e1r felesleges \u00f3r\u00e1d heti \/ napi szinten ( ut\u00f3bbinak m\u00e9g jobban \u00f6r\u00fcln\u00e9nk \ud83d\ude42 ), amit berakn\u00e1l sz\u00edvesen a k\u00f6z\u00f6sbe, k\u00e9rlek \u00edrj egy levelet a <strong>help @mifoto.hu<\/strong> c\u00edmre, vagy ha tag vagy itt a platformon bel\u00fcl <span class=\"atwho-inserted\" contenteditable=\"false\" data-atwho-at-query=\"@petyusz\"><a class='bp-suggestions-mention' href='https:\/\/www.mifoto.hu\/beta\/tagok\/admin\/' rel='nofollow'>@admin<\/a><\/span><strong> &#8211; nak<\/strong> c\u00edmezve.<\/p>\n<p>A lev\u00e9lben k\u00e9rlek mindenk\u00e9ppen \u00edrj tapasztalataidr\u00f3l, hogy melyik t\u00e9mak\u00f6rben tudn\u00e1l seg\u00edteni, milyen gyakoris\u00e1ggal. K\u00e9rlek \u00fagy kalkul\u00e1ld ezt ki magadnak, hogy a jelzett id\u0151szakban sz\u00e1m\u00edtunk a seg\u00edts\u00e9gedre.<\/p>\n<p>&nbsp;<\/p>\n<p style=\"text-align: center;\">H\u00e1l\u00e1san k\u00f6sz\u00f6n\u00fcnk minden seg\u00edts\u00e9get, \u00e9s hogy elolvastad a felh\u00edv\u00e1st.<\/p>\n<p style=\"text-align: center;\"><em><strong>Megoszt\u00e1sokat k\u00f6sz\u00f6nj\u00fck!<\/strong><\/em><\/p>\n<p>&nbsp;<\/p>\n<p>&nbsp;<\/p>\n<p>&nbsp;<\/p>\n","protected":false},"excerpt":{"rendered":"<input type=\"hidden\" value=\"\" data-essbisPostContainer=\"\" data-essbisPostUrl=\"https:\/\/www.mifoto.hu\/beta\/teged-keresunk\/\" data-essbisPostTitle=\"T\u00e9ged keres\u00fcnk\" data-essbisHoverContainer=\"\"><p>Szia! Szeretsz \u00e9s van id\u0151d seg\u00edteni, \u00f6nk\u00e9nteskedni?\u00a0 Szeretn\u00e9l egy j\u00f3 \u00fcgy mell\u00e9 \u00e1llni? Vagy m\u00e9g nem csin\u00e1lt\u00e1l ilyet kor\u00e1bban, de sz\u00edvesen kipr\u00f3b\u00e1ln\u00e1d?\u00a0 ****** Akkor mi nagyon \u00f6r\u00fcl\u00fcnk, hogy itt vagy \u00e9s olvasod e sorokat. Ez sz\u00e1munkra azt jelenti, hogy egyr\u00e9szt \u00e9rdekel a digit\u00e1lis m\u0171v\u00e9szet, m\u00e1sr\u00e9szt ami fontosabb, hogy szabad id\u0151db\u0151l szeretn\u00e9l egy j\u00f3 \u00fcgy mell\u00e9&#8230;<\/p>\n","protected":false},"author":1,"featured_media":11215,"parent":0,"menu_order":0,"comment_status":"closed","ping_status":"open","template":"","meta":{"pmpro_default_level":"","footnotes":""},"class_list":["post-11208","page","type-page","status-publish","has-post-thumbnail","hentry","pmpro-has-access"],"_links":{"self":[{"href":"https:\/\/www.mifoto.hu\/beta\/wp-json\/wp\/v2\/pages\/11208","targetHints":{"allow":["GET"]}}],"collection":[{"href":"https:\/\/www.mifoto.hu\/beta\/wp-json\/wp\/v2\/pages"}],"about":[{"href":"https:\/\/www.mifoto.hu\/beta\/wp-json\/wp\/v2\/types\/page"}],"author":[{"embeddable":true,"href":"https:\/\/www.mifoto.hu\/beta\/wp-json\/wp\/v2\/users\/1"}],"replies":[{"embeddable":true,"href":"https:\/\/www.mifoto.hu\/beta\/wp-json\/wp\/v2\/comments?post=11208"}],"version-history":[{"count":0,"href":"https:\/\/www.mifoto.hu\/beta\/wp-json\/wp\/v2\/pages\/11208\/revisions"}],"wp:featuredmedia":[{"embeddable":true,"href":"https:\/\/www.mifoto.hu\/beta\/wp-json\/wp\/v2\/media\/11215"}],"wp:attachment":[{"href":"https:\/\/www.mifoto.hu\/beta\/wp-json\/wp\/v2\/media?parent=11208"}],"curies":[{"name":"wp","href":"https:\/\/api.w.org\/{rel}","templated":true}]}}