{"id":12004,"date":"2026-03-18T12:18:14","date_gmt":"2026-03-18T11:18:14","guid":{"rendered":"https:\/\/www.mifoto.hu\/?page_id=12004"},"modified":"2026-03-18T13:46:40","modified_gmt":"2026-03-18T12:46:40","slug":"kuponok","status":"publish","type":"page","link":"https:\/\/www.mifoto.hu\/beta\/kuponok\/","title":{"rendered":"Kuponok"},"content":{"rendered":"<input type=\"hidden\" value=\"\" data-essbisPostContainer=\"\" data-essbisPostUrl=\"https:\/\/www.mifoto.hu\/beta\/kuponok\/\" data-essbisPostTitle=\"Kuponok\" data-essbisHoverContainer=\"\"><div class=\"mifoto-page-wrapper\">\n<div class=\"mifoto-hero-section b2b-hero\">\n<h1>V\u00e1ltsd be pontjaidat kedvezm\u00e9nyre!<\/h1>\n<p>A [MI] K\u00f6z\u00f6ss\u00e9gben az aktivit\u00e1sod kifizet\u0151dik. Partnereinkn\u00e9l a lenti list\u00e1b\u00f3l k\u00f6nnyed\u00e9n kiv\u00e1laszthatod a neked tetsz\u0151 aj\u00e1nlatot, amit 1 gombnyom\u00e1ssal be is tudsz v\u00e1ltani pontjaiddal.<\/p>\n<div class=\"user-balance-badge\">Jelenlegi egyenleged:  pont<\/div>\n<\/div>\n<div class=\"mifoto-how-it-works\">\n<div class=\"step\">\n<div class=\"step-icon\"><\/div>\n<h4>1. Gy\u0171jts pontokat<\/h4>\n<p>T\u00f6lts fel k\u00e9peket, k\u00e9rj v\u00e9lem\u00e9nyt, k\u00e9sz\u00edts prompt-remixet, kommentelj sokat, vagy oszd meg a promptjaidat a k\u00f6z\u00f6ss\u00e9ggel. A legt\u00f6bb aktivit\u00e1st ponttal jutalmazzuk neked.<\/p>\n<\/div>\n<div class=\"step\">\n<div class=\"step-icon\"><\/div>\n<h4>2. V\u00e1lassz jutalmat<\/h4>\n<p>N\u00e9zz sz\u00e9t a lenti &#8220;kirakatban&#8221;, \u00e9s tal\u00e1ld meg a kedvenc AI-j\u00e1nlatod. \ud83d\ude42<\/p>\n<\/div>\n<div class=\"step\">\n<div class=\"step-icon\"><\/div>\n<h4>3. V\u00e1ltsd be<\/h4>\n<p>Kattints a kiv\u00e1lt\u00e1s gombra, \u00e9s a rendszer azonnal megmutatja a titkos kuponk\u00f3dot, amit a partner c\u00e9g oldal\u00e1n tudsz bev\u00e1ltani.<\/p>\n<\/div>\n<div>\n<h4><\/h4>\n<p>&nbsp;<\/p>\n<h3>Kuponok<\/h3>\n<p>[mifoto_kupon_lista]<\/p>\n<\/div>\n<\/div>\n<\/div>\n","protected":false},"excerpt":{"rendered":"<input type=\"hidden\" value=\"\" data-essbisPostContainer=\"\" data-essbisPostUrl=\"https:\/\/www.mifoto.hu\/beta\/kuponok\/\" data-essbisPostTitle=\"Kuponok\" data-essbisHoverContainer=\"\"><p>V\u00e1ltsd be pontjaidat kedvezm\u00e9nyre! A [MI] K\u00f6z\u00f6ss\u00e9gben az aktivit\u00e1sod kifizet\u0151dik. Partnereinkn\u00e9l a lenti list\u00e1b\u00f3l k\u00f6nnyed\u00e9n kiv\u00e1laszthatod a neked tetsz\u0151 aj\u00e1nlatot, amit 1 gombnyom\u00e1ssal be is tudsz v\u00e1ltani pontjaiddal. Jelenlegi egyenleged: pont 1. Gy\u0171jts pontokat T\u00f6lts fel k\u00e9peket, k\u00e9rj v\u00e9lem\u00e9nyt, k\u00e9sz\u00edts prompt-remixet, kommentelj sokat, vagy oszd meg a promptjaidat a k\u00f6z\u00f6ss\u00e9ggel. A legt\u00f6bb aktivit\u00e1st ponttal jutalmazzuk&#8230;<\/p>\n","protected":false},"author":1,"featured_media":0,"parent":0,"menu_order":0,"comment_status":"closed","ping_status":"closed","template":"","meta":{"pmpro_default_level":"","footnotes":""},"class_list":["post-12004","page","type-page","status-publish","hentry","pmpro-has-access"],"_links":{"self":[{"href":"https:\/\/www.mifoto.hu\/beta\/wp-json\/wp\/v2\/pages\/12004","targetHints":{"allow":["GET"]}}],"collection":[{"href":"https:\/\/www.mifoto.hu\/beta\/wp-json\/wp\/v2\/pages"}],"about":[{"href":"https:\/\/www.mifoto.hu\/beta\/wp-json\/wp\/v2\/types\/page"}],"author":[{"embeddable":true,"href":"https:\/\/www.mifoto.hu\/beta\/wp-json\/wp\/v2\/users\/1"}],"replies":[{"embeddable":true,"href":"https:\/\/www.mifoto.hu\/beta\/wp-json\/wp\/v2\/comments?post=12004"}],"version-history":[{"count":0,"href":"https:\/\/www.mifoto.hu\/beta\/wp-json\/wp\/v2\/pages\/12004\/revisions"}],"wp:attachment":[{"href":"https:\/\/www.mifoto.hu\/beta\/wp-json\/wp\/v2\/media?parent=12004"}],"curies":[{"name":"wp","href":"https:\/\/api.w.org\/{rel}","templated":true}]}}