{"id":133,"date":"2024-08-14T17:14:09","date_gmt":"2024-08-14T15:14:09","guid":{"rendered":"https:\/\/mifoto.hu\/beta\/membership-checkout\/"},"modified":"2024-09-15T18:37:06","modified_gmt":"2024-09-15T16:37:06","slug":"tagsagicsomaginfok","status":"publish","type":"page","link":"https:\/\/www.mifoto.hu\/beta\/tagsagicsomaginfok\/","title":{"rendered":"Tags\u00e1gi csomag inform\u00e1ci\u00f3k"},"content":{"rendered":"<input type=\"hidden\" value=\"\" data-essbisPostContainer=\"\" data-essbisPostUrl=\"https:\/\/www.mifoto.hu\/beta\/tagsagicsomaginfok\/\" data-essbisPostTitle=\"Tags\u00e1gi csomag inform\u00e1ci\u00f3k\" data-essbisHoverContainer=\"\">\n<p>[pmpro_checkout]<\/p>\n\n\n\n<p><\/p>\n\n\n\n<p><\/p>\n","protected":false},"excerpt":{"rendered":"<input type=\"hidden\" value=\"\" data-essbisPostContainer=\"\" data-essbisPostUrl=\"https:\/\/www.mifoto.hu\/beta\/tagsagicsomaginfok\/\" data-essbisPostTitle=\"Tags\u00e1gi csomag inform\u00e1ci\u00f3k\" data-essbisHoverContainer=\"\"><p>[pmpro_checkout]<\/p>\n","protected":false},"author":1,"featured_media":0,"parent":0,"menu_order":0,"comment_status":"closed","ping_status":"closed","template":"","meta":{"pmpro_default_level":"1","footnotes":""},"class_list":["post-133","page","type-page","status-publish","hentry","pmpro-has-access"],"_links":{"self":[{"href":"https:\/\/www.mifoto.hu\/beta\/wp-json\/wp\/v2\/pages\/133","targetHints":{"allow":["GET"]}}],"collection":[{"href":"https:\/\/www.mifoto.hu\/beta\/wp-json\/wp\/v2\/pages"}],"about":[{"href":"https:\/\/www.mifoto.hu\/beta\/wp-json\/wp\/v2\/types\/page"}],"author":[{"embeddable":true,"href":"https:\/\/www.mifoto.hu\/beta\/wp-json\/wp\/v2\/users\/1"}],"replies":[{"embeddable":true,"href":"https:\/\/www.mifoto.hu\/beta\/wp-json\/wp\/v2\/comments?post=133"}],"version-history":[{"count":0,"href":"https:\/\/www.mifoto.hu\/beta\/wp-json\/wp\/v2\/pages\/133\/revisions"}],"wp:attachment":[{"href":"https:\/\/www.mifoto.hu\/beta\/wp-json\/wp\/v2\/media?parent=133"}],"curies":[{"name":"wp","href":"https:\/\/api.w.org\/{rel}","templated":true}]}}