{"id":136,"date":"2026-01-02T17:14:10","date_gmt":"2026-01-02T16:14:10","guid":{"rendered":"https:\/\/mifoto.hu\/beta\/membership-levels\/"},"modified":"2025-07-23T15:14:12","modified_gmt":"2025-07-23T13:14:12","slug":"csomagok","status":"publish","type":"page","link":"https:\/\/www.mifoto.hu\/beta\/csomagok\/","title":{"rendered":"Tags\u00e1gi csomagok"},"content":{"rendered":"<input type=\"hidden\" value=\"\" data-essbisPostContainer=\"\" data-essbisPostUrl=\"https:\/\/www.mifoto.hu\/beta\/csomagok\/\" data-essbisPostTitle=\"Tags\u00e1gi csomagok\" data-essbisHoverContainer=\"\"><p><div class=\"wp-block-pmpro-levels-page is-layout-flow wp-block-levels-page-is-layout-flow\">\n\t<div class=\"pmpro\">\n\t\t<section id=\"pmpro_levels\" class=\"pmpro_section\">\n\t\t<div class=\"pmpro_section_content\">\n\t\t\t\t\t\t\t\t<div id=\"pmpro_level_group-1\" class=\"pmpro_card pmpro_level_group\">\n\t\t\t\t\t\t\t\t\t\t\t\t<div class=\"pmpro_card_content\">\n\t\t\t\t\t\t\t\t\t\t\t\t\t\t<table class=\"pmpro_table pmpro_levels_table\">\n\t\t\t\t\t\t\t\t<thead>\n\t\t\t\t\t\t\t\t\t<tr>\n\t\t\t\t\t\t\t\t\t\t<th>Szint<\/th>\n\t\t\t\t\t\t\t\t\t\t<th>\u00c1r<\/th>\t\n\t\t\t\t\t\t\t\t\t\t<th><span class=\"screen-reader-text\">Action<\/span><\/th>\n\t\t\t\t\t\t\t\t\t<\/tr>\n\t\t\t\t\t\t\t\t<\/thead>\n\t\t\t\t\t\t\t\t<tbody>\n\t\t\t\t\t\t\t\t\t\t\t\t\t\t\t\t\t\t<tr id=\"pmpro_level-1\" class=\"pmpro_level\">\n\t\t\t\t\t\t\t\t\t\t<th data-title=\"Szint\">Free<\/th>\n\t\t\t\t\t\t\t\t\t\t<td data-title=\"\u00c1r\">\n\t\t\t\t\t\t\t\t\t\t\t\t\t\t\t\t\t\t\t\t\t\t\t\t<p class=\"pmpro_level-price\"><strong>Ingyenes<\/strong>. <\/p>\n\t\t\t\t\t\t\t\t\t\t\t\t\t\t\t\t\t\t\t\t\t\t\t<\/td>\n\t\t\t\t\t\t\t\t\t\t<td>\n\t\t\t\t\t\t\t\t\t\t                \t\n\t\t\t\t\t\t\t\t\t\t\t<a aria-label=\"V\u00e1laszd ki a Free szintet\" class=\"pmpro_btn pmpro_btn-select\" href=\"https:\/\/www.mifoto.hu\/beta\/tagsagicsomaginfok\/?pmpro_level=1\">V\u00e1laszt<\/a>\n\t\t\t\t\t\t\t\t\t\t\t\t\t\t\t\t\t\t\t\t<\/td>\n\t\t\t\t\t\t\t\t\t<\/tr>\n\t\t\t\t\t\t\t\t\t\t\t\t\t\t\t\t\t\t<tr id=\"pmpro_level-3\" class=\"pmpro_level\">\n\t\t\t\t\t\t\t\t\t\t<th data-title=\"Szint\">Pro csomag<\/th>\n\t\t\t\t\t\t\t\t\t\t<td data-title=\"\u00c1r\">\n\t\t\t\t\t\t\t\t\t\t\t\t\t\t\t\t\t\t\t\t\t\t\t\t<p class=\"pmpro_level-price\"><strong>HUF 3,900.00\/H\u00f3nap<\/strong>. <\/p>\n\t\t\t\t\t\t\t\t\t\t\t\t\t\t\t\t\t\t\t\t\t\t\t<\/td>\n\t\t\t\t\t\t\t\t\t\t<td>\n\t\t\t\t\t\t\t\t\t\t                \t\n\t\t\t\t\t\t\t\t\t\t\t<a aria-label=\"V\u00e1laszd ki a Pro csomag szintet\" class=\"pmpro_btn pmpro_btn-select\" href=\"https:\/\/www.mifoto.hu\/beta\/tagsagicsomaginfok\/?pmpro_level=3\">V\u00e1laszt<\/a>\n\t\t\t\t\t\t\t\t\t\t\t\t\t\t\t\t\t\t\t\t<\/td>\n\t\t\t\t\t\t\t\t\t<\/tr>\n\t\t\t\t\t\t\t\t\t\t\t\t\t\t\t\t\t<\/tbody>\n\t\t\t\t\t\t\t<\/table>\n\t\t\t\t\t\t<\/div> <!-- end pmpro_card_content -->\n\t\t\t\t\t<\/div> <!-- end pmpro_card -->\n\t\t\t\t\t\t\t<\/div> <!-- end pmpro_section_content -->\n\t<\/section> <!-- end pmpro_section -->\n<\/div> <!-- end pmpro -->\n<\/div>\n<!-- \/wp:post-content -->\r\n\r\n<!-- wp:table {\"className\":\"is-style-stripes\",\"style\":{\"elements\":{\"link\":{\"color\":{\"text\":\"#297348\"}}},\"color\":{\"text\":\"#297348\"}},\"fontSize\":\"small\"} --><\/p>\r\n<p style=\"text-align: center;\">[xs_social_login]<\/p>\r\n<p>&nbsp;<\/p>\r\n<figure class=\"wp-block-table is-style-stripes has-small-font-size\">\r\n<table class=\"has-text-color has-link-color has-fixed-layout\" style=\"height: 558px; width: 100%; color: #297348;\">\r\n<thead>\r\n<tr style=\"height: 77px;\">\r\n<th style=\"width: 27.6923%; height: 77px;\">Funkci\u00f3k<\/th>\r\n<th style=\"width: 22.9488%; height: 77px; text-align: center;\"><strong>FREE<\/strong> <br \/>(0 Ft \/ h\u00f3)<\/th>\r\n<th style=\"width: 24.7436%; height: 77px; text-align: center;\"><strong>PRO<\/strong> <br \/>3.900 Ft \/ h\u00f3<br \/>(<del>5.900 Ft \/ h\u00f3<\/del>)<\/th>\r\n<\/tr>\r\n<\/thead>\r\n<tbody>\r\n<tr style=\"height: 40px;\">\r\n<td style=\"width: 27.6923%; height: 40px;\">Saj\u00e1t adatlap, profil- \u00e9s bor\u00edt\u00f3k\u00e9p szerkeszt\u00e9se<\/td>\r\n<td style=\"width: 22.9488%; height: 40px; text-align: center;\">&#x2714;<\/td>\r\n<td style=\"width: 24.7436%; height: 40px; text-align: center;\">&#x2714;<\/td>\r\n<\/tr>\r\n<tr style=\"height: 40px;\">\r\n<td style=\"width: 27.6923%; height: 40px;\">K\u00e9pfelt\u00f6lt\u00e9s<\/td>\r\n<td style=\"width: 22.9488%; height: 40px; text-align: center;\"><strong>napi 1 k\u00e9p\u00a0<br \/><\/strong><em>(havi ~30 k\u00e9p)<\/em><\/td>\r\n<td style=\"width: 24.7436%; height: 40px; text-align: center;\"><strong>napi 3 k\u00e9p\u00a0<br \/><\/strong><em>(havi ~90 k\u00e9p)<\/em><\/td>\r\n<\/tr>\r\n<tr style=\"height: 20px;\">\r\n<td style=\"width: 27.6923%; height: 20px;\">Bar\u00e1tok jel\u00f6l\u00e9se ismer\u0151snek<\/td>\r\n<td style=\"width: 22.9488%; height: 20px; text-align: center;\">&#x2714;<\/td>\r\n<td style=\"width: 24.7436%; height: 20px; text-align: center;\">&#x2714;<\/td>\r\n<\/tr>\r\n<tr style=\"height: 20px;\">\r\n<td style=\"width: 27.6923%; height: 20px;\">Csoporttev\u00e9kenys\u00e9gben val\u00f3 r\u00e9szv\u00e9tel<\/td>\r\n<td style=\"width: 22.9488%; height: 20px; text-align: center;\">&#x2714;<\/td>\r\n<td style=\"width: 24.7436%; height: 20px; text-align: center;\">&#x2714;<\/td>\r\n<\/tr>\r\n<tr style=\"height: 20px;\">\r\n<td style=\"width: 27.6923%; height: 20px;\">Taglist\u00e1ban szerepelsz<\/td>\r\n<td style=\"width: 22.9488%; height: 20px; text-align: center;\">&#x2714;<\/td>\r\n<td style=\"width: 24.7436%; height: 20px; text-align: center;\">&#x2714;<\/td>\r\n<\/tr>\r\n<tr style=\"height: 20px;\">\r\n<td style=\"width: 27.6923%; height: 20px;\">Hozz\u00e1sz\u00f3l\u00e1s, l\u00e1jkok, megoszt\u00e1s<\/td>\r\n<td style=\"width: 22.9488%; height: 20px; text-align: center;\">&#x2714;<\/td>\r\n<td style=\"width: 24.7436%; height: 20px; text-align: center;\">&#x2714;<\/td>\r\n<\/tr>\r\n<tr style=\"height: 20px;\">\r\n<td style=\"width: 27.6923%; height: 20px;\">Pontgy\u0171jt\u00e9s<\/td>\r\n<td style=\"width: 22.9488%; height: 20px; text-align: center;\">&#x2714;<\/td>\r\n<td style=\"width: 24.7436%; height: 20px; text-align: center;\">&#x2714;<\/td>\r\n<\/tr>\r\n<tr style=\"height: 20px;\">\r\n<td style=\"width: 27.6923%; height: 20px;\">Bar\u00e1t megh\u00edv\u00e1sa<\/td>\r\n<td style=\"width: 22.9488%; height: 20px; text-align: center;\">&#x2716;<\/td>\r\n<td style=\"width: 24.7436%; height: 20px; text-align: center;\">&#x2714;<\/td>\r\n<\/tr>\r\n<tr style=\"height: 20px;\">\r\n<td style=\"width: 27.6923%; height: 20px;\">\u00dczenet k\u00fcld\u00e9se bar\u00e1toknak<\/td>\r\n<td style=\"width: 22.9488%; height: 20px; text-align: center;\">&#x2716;<\/td>\r\n<td style=\"width: 24.7436%; height: 20px; text-align: center;\">&#x2714;<\/td>\r\n<\/tr>\r\n<tr style=\"height: 61px;\">\r\n<td style=\"width: 27.6923%; height: 61px;\">Kiemelt tag st\u00e1tusz<br \/><span style=\"font-size: 14px;\">(kis k\u00e9k ikon a 2. h\u00f3napt\u00f3l, <br \/>am\u00edg az el\u0151fizet\u00e9s akt\u00edv)<\/span><\/td>\r\n<td style=\"width: 22.9488%; height: 61px; text-align: center;\">&#x2716;<\/td>\r\n<td style=\"width: 24.7436%; height: 61px; text-align: center;\">&#x2714;<\/td>\r\n<\/tr>\r\n<tr style=\"height: 60px;\">\r\n<td style=\"width: 27.6923%; height: 60px;\">Prompt gener\u00e1tor + <br \/>Nano Banana prompt gener\u00e1tor<br \/><em><sup>(saj\u00e1t fejleszt\u00e9s)<\/sup><\/em><\/td>\r\n<td style=\"width: 22.9488%; height: 60px; text-align: center;\">&#x2716;<\/td>\r\n<td style=\"width: 24.7436%; height: 60px; text-align: center;\">&#x2714;<\/td>\r\n<\/tr>\r\n<tr style=\"height: 20px;\">\r\n<td style=\"width: 27.6923%; height: 20px;\">AI szintfelm\u00e9r\u0151 teszt<\/td>\r\n<td style=\"width: 22.9488%; height: 20px; text-align: center;\">&#x2716;<\/td>\r\n<td style=\"width: 24.7436%; height: 20px; text-align: center;\">&#x2714;<\/td>\r\n<\/tr>\r\n<tr style=\"height: 20px;\">\r\n<td style=\"width: 27.6923%; height: 20px;\">Hozz\u00e1f\u00e9r\u00e9s <strong>extra<\/strong> tartalmakhoz\u00a0<\/td>\r\n<td style=\"width: 22.9488%; height: 20px; text-align: center;\">&#x2716;<\/td>\r\n<td style=\"width: 24.7436%; height: 20px; text-align: center;\">&#x2714;<\/td>\r\n<\/tr>\r\n<tr style=\"height: 20px;\">\r\n<td style=\"width: 27.6923%; height: 20px;\">Saj\u00e1t meetupokon r\u00e9szv\u00e9tel<\/td>\r\n<td style=\"width: 22.9488%; height: 20px; text-align: center;\">&#x2716;<\/td>\r\n<td style=\"width: 24.7436%; height: 20px; text-align: center;\">&#x2714;<\/td>\r\n<\/tr>\r\n<tr style=\"height: 20px;\">\r\n<td style=\"width: 27.6923%; height: 40px;\"><strong>K\u00f6z\u00f6ss\u00e9gi funkci\u00f3k:<\/strong><br \/>Prompt-remix, k\u00e9p v\u00e9lem\u00e9nyez\u00e9s, portf\u00f3li\u00f3 \u00e9p\u00edt\u00e9s adatlapon, PRO k\u00e9pgal\u00e9ria, pontgy\u0171jt\u00e9s prompt m\u00e1sol\u00e1s\u00e9rt &#8230;<\/td>\r\n<td style=\"width: 22.9488%; height: 20px; text-align: center;\">&#x2714;<\/td>\r\n<td style=\"width: 24.7436%; height: 20px; text-align: center;\">&#x2714;<\/td>\r\n<\/tr>\r\n<\/tbody>\r\n<\/table>\r\n<\/figure>\r\n<!-- \/wp:table -->\r\n\r\n<!-- wp:paragraph {\"show_noaccess\":\"1\"} -->\r\n<p>&nbsp;<\/p>\r\n<!-- \/wp:paragraph -->\r\n\r\n<!-- wp:separator --><hr class=\"wp-block-separator has-alpha-channel-opacity\" \/><!-- \/wp:separator -->\r\n\r\n<!-- wp:heading {\"textAlign\":\"center\",\"level\":4} -->\r\n<h4 class=\"wp-block-heading has-text-align-center\">\u00a0<\/h4>\r\n<!-- \/wp:heading -->\r\n\r\n<!-- wp:paragraph -->\r\n<p>&nbsp;<\/p>\r\n<!-- \/wp:paragraph -->","protected":false},"excerpt":{"rendered":"<input type=\"hidden\" value=\"\" data-essbisPostContainer=\"\" data-essbisPostUrl=\"https:\/\/www.mifoto.hu\/beta\/csomagok\/\" data-essbisPostTitle=\"Tags\u00e1gi csomagok\" data-essbisHoverContainer=\"\"><p>[xs_social_login] &nbsp; Funkci\u00f3k FREE (0 Ft \/ h\u00f3) PRO 3.900 Ft \/ h\u00f3(5.900 Ft \/ h\u00f3) Saj\u00e1t adatlap, profil- \u00e9s bor\u00edt\u00f3k\u00e9p szerkeszt\u00e9se &#x2714; &#x2714; K\u00e9pfelt\u00f6lt\u00e9s napi 1 k\u00e9p\u00a0(havi ~30 k\u00e9p) napi 3 k\u00e9p\u00a0(havi ~90 k\u00e9p) Bar\u00e1tok jel\u00f6l\u00e9se ismer\u0151snek &#x2714; &#x2714; Csoporttev\u00e9kenys\u00e9gben val\u00f3 r\u00e9szv\u00e9tel &#x2714; &#x2714; Taglist\u00e1ban szerepelsz &#x2714; &#x2714; Hozz\u00e1sz\u00f3l\u00e1s, l\u00e1jkok, megoszt\u00e1s &#x2714; &#x2714; Pontgy\u0171jt\u00e9s&#8230;<\/p>\n","protected":false},"author":1,"featured_media":0,"parent":0,"menu_order":0,"comment_status":"closed","ping_status":"closed","template":"","meta":{"pmpro_default_level":"1","footnotes":""},"class_list":["post-136","page","type-page","status-publish","hentry","pmpro-has-access"],"_links":{"self":[{"href":"https:\/\/www.mifoto.hu\/beta\/wp-json\/wp\/v2\/pages\/136","targetHints":{"allow":["GET"]}}],"collection":[{"href":"https:\/\/www.mifoto.hu\/beta\/wp-json\/wp\/v2\/pages"}],"about":[{"href":"https:\/\/www.mifoto.hu\/beta\/wp-json\/wp\/v2\/types\/page"}],"author":[{"embeddable":true,"href":"https:\/\/www.mifoto.hu\/beta\/wp-json\/wp\/v2\/users\/1"}],"replies":[{"embeddable":true,"href":"https:\/\/www.mifoto.hu\/beta\/wp-json\/wp\/v2\/comments?post=136"}],"version-history":[{"count":0,"href":"https:\/\/www.mifoto.hu\/beta\/wp-json\/wp\/v2\/pages\/136\/revisions"}],"wp:attachment":[{"href":"https:\/\/www.mifoto.hu\/beta\/wp-json\/wp\/v2\/media?parent=136"}],"curies":[{"name":"wp","href":"https:\/\/api.w.org\/{rel}","templated":true}]}}