{"id":34,"date":"2025-11-14T11:25:06","date_gmt":"2025-11-14T10:25:06","guid":{"rendered":"https:\/\/mifoto.hu\/beta\/?page_id=34"},"modified":"2025-10-12T10:29:48","modified_gmt":"2025-10-12T08:29:48","slug":"aszf","status":"publish","type":"page","link":"https:\/\/www.mifoto.hu\/beta\/aszf\/","title":{"rendered":"\u00c1SZF"},"content":{"rendered":"<input type=\"hidden\" value=\"\" data-essbisPostContainer=\"\" data-essbisPostUrl=\"https:\/\/www.mifoto.hu\/beta\/aszf\/\" data-essbisPostTitle=\"\u00c1SZF\" data-essbisHoverContainer=\"\">\r\n<p><strong>\u00c1ltal\u00e1nos Szerz\u0151d\u00e9si Felt\u00e9telek (\u00c1SZF)<\/strong><\/p>\r\n\r\n\r\n\r\n<p>&nbsp;<\/p>\r\n\r\n\r\n\r\n<p><strong>1. Bevezet\u00e9s<\/strong><\/p>\r\n\r\n\r\n\r\n<p>\u00dcdv\u00f6zl\u00fcnk a www.mifoto.hu (tov\u00e1bbiakban: &#8220;Platform&#8221;) \u00c1ltal\u00e1nos Szerz\u0151d\u00e9si Felt\u00e9telek (\u00c1SZF) oldal\u00e1n. Ez a dokumentum szab\u00e1lyozza a Platform haszn\u00e1lat\u00e1nak felt\u00e9teleit, illetve a felhaszn\u00e1l\u00f3k jogait, k\u00f6telezetts\u00e9geit. A weboldalra val\u00f3 regisztr\u00e1ci\u00f3val egyidej\u0171leg elfogadod az \u00c1SZF-ben \u00e9s az Adatv\u00e9delmi t\u00e1j\u00e9koztat\u00f3ban foglaltakat egyar\u00e1nt.<\/p>\r\n\r\n\r\n\r\n<p><strong>2. <\/strong><strong>A Szolg\u00e1ltat\u00e1s<\/strong><\/p>\r\n\r\n\r\n\r\n<p>A Platform egy k\u00e9pmegoszt\u00f3 (\u00e9s alap eduk\u00e1ci\u00f3s) k\u00f6z\u00f6ss\u00e9gi site, ahol a felhaszn\u00e1l\u00f3k k\u00e9peket t\u00f6lthetnek fel k\u00fcl\u00f6nf\u00e9le t\u00e9m\u00e1j\u00fa csoportokba, adatlapjukra, megoszthatj\u00e1k azokat az oldalon bel\u00fcl &#8211; \u00e9s azon k\u00edv\u00fcl is, \u00e9rt\u00e9kelhetik \u00e9s komment\u00e1lhatj\u00e1k m\u00e1sok munk\u00e1it, valamint interakci\u00f3ba l\u00e9phetnek egym\u00e1ssal, gondolatokat oszthatnak meg (a j\u00f3 \u00edzl\u00e9s hat\u00e1rain bel\u00fcl), \u00e9s saj\u00e1t AI gener\u00e1lt, vagy AI \u00e1ltal szerkesztett k\u00e9peikkel \u00e9p\u00edthetik saj\u00e1t portf\u00f3li\u00f3jukat. Regisztr\u00e1ci\u00f3t k\u00f6vet\u0151en saj\u00e1t profilt hoz l\u00e9tre a rendszer, ahol kit\u00f6lthetik a k\u00fcl\u00f6nf\u00e9le szem\u00e9lyes adatokat, social media linkeket oszthatnak meg, \u00e9s az oldalon bel\u00fcl hasznos funkci\u00f3kat vehetnek ig\u00e9nybe, amiknek sz\u00e1ma folyamatosan b\u0151v\u00fcl a fejleszt\u00e9seknek k\u00f6sz\u00f6nhet\u0151en. A platform f\u0151 c\u00e9lja egy speci\u00e1lis ter\u00fclet, a digit\u00e1lis m\u0171v\u00e9szet ir\u00e1nt fog\u00e9kony k\u00f6z\u00f6ss\u00e9g ki\u00e9p\u00edt\u00e9se, \u00e9s az AI \u00e1ltal gener\u00e1lt \u00e9s szerkesztett k\u00e9pek n\u00e9pszer\u0171s\u00edt\u00e9se. A megoszt\u00e1sokon fel\u00fcl alapszint\u0171 eduk\u00e1ci\u00f3s tev\u00e9kenys\u00e9get is ny\u00fajtunk olvas\u00f3inknak \u00e9s tagjainknak, ahol ak\u00e1r extra tartalmakkal b\u0151v\u00edthetik saj\u00e1t tud\u00e1sukat.<br \/>A fentiek mellett pedig, mint k\u00f6z\u00f6ss\u00e9gi platform id\u0151nk\u00e9nt kil\u00e9pve a virtu\u00e1lis t\u00e9rb\u0151l szem\u00e9lyes meetupokat is tartunk.<br \/>Ezekb\u0151l is l\u00e1tszik, hogy egy \u00e1tfog\u00f3 szolg\u00e1ltat\u00e1st szeretn\u00e9nk ny\u00fajtani egy fel\u00fcleten bel\u00fcl.<\/p>\r\n\r\n\r\n\r\n<p><strong>3. <\/strong><strong>Fogalommeghat\u00e1roz\u00e1sok<\/strong><\/p>\r\n\r\n\r\n\r\n<p>&#8211; &#8220;Platform&#8221;: a www.mifoto.hu weboldal \u00e9s annak minden funkci\u00f3ja<\/p>\r\n\r\n\r\n\r\n<p>&#8211; &#8220;Felhaszn\u00e1l\u00f3&#8221;: b\u00e1rmely term\u00e9szetes szem\u00e9ly, aki regisztr\u00e1l \u00e9s \/ vagy regisztr\u00e1ci\u00f3 n\u00e9lk\u00fcl haszn\u00e1lja a Platformot<\/p>\r\n\r\n\r\n\r\n<p>&#8211; &#8220;Tartalom&#8221;: minden sz\u00f6veg, k\u00e9p, vagy egy\u00e9b anyag, amit a felhaszn\u00e1l\u00f3 felt\u00f6lt vagy l\u00e9trehoz a Platformon<\/p>\r\n\r\n\r\n\r\n<p>&#8211; &#8220;AI-gener\u00e1lt k\u00e9p&#8221;: mesters\u00e9ges intelligencia \u00e1ltal l\u00e9trehozott vizu\u00e1lis tartalom\u00a0<\/p>\r\n<p>&#8211; &#8220;AI szerkesztett k\u00e9p&#8221;: mesters\u00e9ges intelligencia \u00e1ltal szerkesztett vizu\u00e1lis tartalom\u00a0<\/p>\r\n\r\n\r\n\r\n<p><strong>4. Regisztr\u00e1ci\u00f3 \u00e9s felhaszn\u00e1l\u00f3i fi\u00f3k<\/strong><\/p>\r\n\r\n\r\n\r\n<ul class=\"wp-block-list\">\r\n<li>A Platform teljesk\u00f6r\u0171 haszn\u00e1lat\u00e1hoz regisztr\u00e1ci\u00f3 sz\u00fcks\u00e9ges. A regisztr\u00e1ci\u00f3 sor\u00e1n meg kell adnod egy felhaszn\u00e1l\u00f3nevet, \u00e9rv\u00e9nyes e-mail c\u00edmet, jelsz\u00f3t. Egyes funkci\u00f3k el\u00e9r\u00e9se csak PRO csomagokban (el\u0151fizet\u0151s form\u00e1ban) \u00e9rhet\u0151k el, amihez egy\u00e9b szem\u00e9lyes adatot k\u00e9r\u00fcnk be, \u00fagy mint sz\u00e1ml\u00e1z\u00e1si adatok, illetve a STRIPE fizet\u00e9si szolg\u00e1ltat\u00f3n kereszt\u00fcl bankk\u00e1rtya adatokat, aminek mi az utols\u00f3 4 sz\u00e1mjegy\u00e9t l\u00e1thatjuk, \u00edgy a beazonos\u00edt\u00e1s is a fenti megadott adatok alapj\u00e1n fog t\u00f6rt\u00e9nni. A Platform \u00fczemeltet\u0151j\u00e9n t\u00fal, a fizet\u00e9st lebonyol\u00edt\u00f3 szolg\u00e1ltat\u00f3 (STRIPE), a sz\u00e1ml\u00e1z\u00e1st v\u00e9grehajt\u00f3 program (Billingo), illetve a k\u00f6nyvel\u00e9s is el\u00e9ri, \u00e9s tudom\u00e1sa lesz az ott megadott szem\u00e9lyes adatokr\u00f3l. Minden tudom\u00e1sunkra jutott adatot bizalmasan kezel\u00fcnk, \u00e9s a sz\u00e1mviteli t\u00f6rv\u00e9ny alapj\u00e1n kezel\u00fcnk.<\/li>\r\n\r\n\r\n\r\n<li>Kijelented, hogy a regisztr\u00e1ci\u00f3 sor\u00e1n megadott adataid val\u00f3sak \u00e9s pontosak. V\u00e1llalod, hogy ezeket az adatokat naprak\u00e9szen tartod.<\/li>\r\n\r\n\r\n\r\n<li>Jogunk van felf\u00fcggeszteni vagy t\u00f6r\u00f6lni a fi\u00f3kodat, ha megs\u00e9rted az \u00c1SZF-et vagy az <strong><a href=\"https:\/\/mifoto.hu\/beta\/adatkezelesi\/\" data-type=\"link\" data-id=\"https:\/\/mifoto.hu\/beta\/adatkezelesi\/\" target=\"_blank\" rel=\"noopener\">Adatkezel\u00e9si t\u00e1j\u00e9koztat\u00f3t<\/a><\/strong>.<\/li>\r\n\r\n\r\n\r\n<li>Te vagy felel\u0151s a fi\u00f3kod biztons\u00e1g\u00e1\u00e9rt \u00e9s bizonyos adataid titokban tart\u00e1s\u00e1\u00e9rt\u00a0 -erre lehet\u0151s\u00e9get is adunk az adatlapodon, hogy magad v\u00e1laszd ki mit akarsz megmutatni. Minden olyan tev\u00e9kenys\u00e9g\u00e9rt, amely a fi\u00f3koddal kapcsolatos, te vagy a felel\u0151s. Minden adat, ami felker\u00fcl a Platformra \u00f6nk\u00e9nt adtad meg a regisztr\u00e1ci\u00f3, vagy adatlapod ut\u00f3lagos m\u00f3dos\u00edt\u00e1sa sor\u00e1n.<\/li>\r\n\r\n\r\n\r\n<li>B\u00e1rmikor k\u00e9rheted fi\u00f3kod t\u00f6rl\u00e9s\u00e9t az \u00fcgyf\u00e9lszolg\u00e1latunkon kereszt\u00fcl, \u00edr\u00e1sban -&gt; help @mifoto.hu, vagy Te magad is t\u00f6r\u00f6lheted azt.\u00a0<\/li>\r\n\r\n\r\n\r\n<li><strong>Az inakt\u00edv fi\u00f3kokat 6 h\u00f3nap bejelentkez\u00e9s \u00e9s aktivit\u00e1s hi\u00e1nya kapcs\u00e1n, egy egyszeri \u00e9rtes\u00edt\u00e9st k\u00f6vet\u0151en 7 napot k\u00f6vet\u0151en t\u00f6r\u00f6lj\u00fck a rendszerb\u0151l. <\/strong>Amennyiben ez id\u0151 alatt egyszer sem l\u00e9psz be a platformra, nem osztasz meg 1 k\u00e9pet sem, \u00fagy sajnos t\u00f6r\u00f6ln\u00fcnk kell v\u00e9glegesen a fi\u00f3kodat &#8211; annak minden tartalm\u00e1val egy\u00fctt, de van lehet\u0151s\u00e9g \u00fajra regisztr\u00e1lni.<\/li>\r\n<\/ul>\r\n\r\n\r\n\r\n<p>&nbsp;<\/p>\r\n\r\n\r\n\r\n<p><strong>5. P\u00e9nzmos\u00e1s elleni t\u00f6rv\u00e9ny \u2013 szem\u00e9lyes adatok kezel\u00e9se<\/strong><\/p>\r\n\r\n\r\n\r\n<p>A\u00a0<a href=\"https:\/\/mifoto.hu\/beta\/\" target=\"_blank\" rel=\"noreferrer noopener\">www.mifoto.hu<\/a> weboldalon t\u00f6rt\u00e9n\u0151 regisztr\u00e1ci\u00f3val tudom\u00e1sul veszed, hogy a Platform \u2013 a 2017. \u00e9vi LIII. t\u00f6rv\u00e9ny (Pmt.) \u00e9s a kapcsol\u00f3d\u00f3 adatv\u00e9delmi jogszab\u00e1lyok (GDPR) el\u0151\u00edr\u00e1sai szerint \u2013 bizonyos szem\u00e9lyes adatokat adatkezel\u00e9si \u00e9s \u00fcgyf\u00e9l-azonos\u00edt\u00e1si c\u00e9lb\u00f3l kezel. Az adatokat kiz\u00e1r\u00f3lag a jogszab\u00e1lyi k\u00f6telezetts\u00e9g teljes\u00edt\u00e9se \u00e9rdek\u00e9ben, bizalmasan \u00e9s az adatkezel\u00e9si t\u00e1j\u00e9koztat\u00f3ban r\u00f6gz\u00edtett m\u00f3don gy\u0171jtj\u00fck, t\u00e1roljuk \u00e9s kezelj\u00fck. Az adatkezel\u00e9s jogalapja a Pmt. szerinti jogi k\u00f6telezetts\u00e9g, a GDPR 6. cikk (1) c) pontja alapj\u00e1n.<\/p>\r\n\r\n\r\n\r\n<p>Az \u00e9rintett szem\u00e9lyes adatok magukban foglalhatj\u00e1k a n\u00e9v, sz\u00fclet\u00e9si adat, lakc\u00edm, e-mail c\u00edm, sz\u00e1ml\u00e1z\u00e1si inform\u00e1ci\u00f3k, valamint egy\u00e9b, a szolg\u00e1ltat\u00e1s haszn\u00e1lat\u00e1hoz \u00e9s jogszab\u00e1lyi megfelel\u00e9shez sz\u00fcks\u00e9ges adatokat. Az adatokat kiz\u00e1r\u00f3lag a Platform \u00fczemeltet\u0151je \u00e9s a fizet\u00e9si\/sz\u00e1ml\u00e1z\u00e1si szolg\u00e1ltat\u00f3k jogosultak megismerni.<\/p>\r\n\r\n\r\n\r\n<p>Az adatokat a p\u00e9nzmos\u00e1s elleni t\u00f6rv\u00e9nyben, sz\u00e1mviteli \u00e9s egy\u00e9b relev\u00e1ns jogszab\u00e1lyokban el\u0151\u00edrt ideig \u0151rizz\u00fck meg, majd t\u00f6r\u00f6lj\u00fck. Az \u00e9rintettek r\u00e9szletes jogai \u00e9s tov\u00e1bbi inform\u00e1ci\u00f3k az adatkezel\u00e9si t\u00e1j\u00e9koztat\u00f3ban megtal\u00e1lhat\u00f3k.<\/p>\r\n\r\n\r\n\r\n<p><strong>Jogalap:<\/strong><br \/>\u2013 2017. \u00e9vi LIII. t\u00f6rv\u00e9ny (Pmt.)<br \/>\u2013 EUR\u00d3PAI PARLAMENT \u00c9S TAN\u00c1CS (EU) 2016\/679 RENDELETE (GDPR)<br \/>\u2013 Sz\u00e1mviteli \u00e9s egy\u00e9b \u00e1gazati jogszab\u00e1lyok<\/p>\r\n\r\n\r\n\r\n<p>&nbsp;<\/p>\r\n\r\n\r\n\r\n<p><strong>6. Tartalom felt\u00f6lt\u00e9se \u00e9s haszn\u00e1lata<\/strong><\/p>\r\n\r\n\r\n\r\n<ul class=\"wp-block-list\">\r\n<li>A Platformra felt\u00f6lt\u00f6tt minden saj\u00e1t tartalom\u00e9rt te viseled a felel\u0151ss\u00e9get.<\/li>\r\n\r\n\r\n\r\n<li>Kijelented, hogy rendelkezel a sz\u00fcks\u00e9ges jogokkal minden \u00e1ltalad felt\u00f6lt\u00f6tt tartalom tekintet\u00e9ben.<\/li>\r\n\r\n\r\n\r\n<li>Az AI-gener\u00e1lt, \u00e9s\/vagy szerkesztett k\u00e9pek eset\u00e9ben felel\u0151ss\u00e9get v\u00e1llalsz az\u00e9rt, hogy a k\u00e9p nem s\u00e9rti harmadik f\u00e9l jogait, tov\u00e1bb\u00e1 elfogadod, hogy a Platform \u00fczemeltet\u0151je el\u0151zetes t\u00e1j\u00e9koztat\u00e1s n\u00e9lk\u00fcl t\u00f6r\u00f6lheti azon k\u00e9pi \u00e9s sz\u00f6veges tartalmaidat, amik az Adatkezel\u00e9si t\u00e1j\u00e9koztat\u00f3ban, az \u00c1SZF-ben, illetve a hat\u00e1lyos jogszab\u00e1ly erre vonatkoz\u00f3 passzusait s\u00e9rtik.<br \/>Kijelented tov\u00e1bb\u00e1, hogy az \u00e1ltalad felt\u00f6lt\u00f6tt k\u00e9p nem s\u00e9rt szem\u00e9lyis\u00e9gi \u2013 szellemi \u2013 tulajdonjogokat, nem tartalmaz politikai vagy nemi hovatartoz\u00e1st s\u00e9rt\u0151 elemeket, nem usz\u00edt\u00f3, vagy gy\u0171l\u00f6letkelt\u0151, nem pornogr\u00e1f. Tov\u00e1bb\u00e1 a felt\u00f6lt\u00f6tt k\u00e9p nem s\u00e9rthet b\u00e1rmely felekezethez tartoz\u00f3 h\u00edv\u0151 embert sem hit\u00e9ben, meggy\u0151z\u0151d\u00e9s\u00e9ben, tiszteletben tartja a k\u00fcl\u00f6nb\u00f6z\u0151 egyh\u00e1zak szents\u00e9geit. Ezek be nem tart\u00e1sa eset\u00e9n a k\u00e9pet azonnal, figyelmeztet\u00e9s n\u00e9lk\u00fcl t\u00f6r\u00f6lj\u00fck, t\u00f6bbsz\u00f6ri alkalom ut\u00e1n (2x) pedig felhaszn\u00e1l\u00f3i tilt\u00e1st \u00e9s egyben t\u00f6rl\u00e9st von maga ut\u00e1n.<\/li>\r\n\r\n\r\n\r\n<li>A Platform nem ellen\u0151rzi a felt\u00f6lt\u00f6tt tartalmak eredet\u00e9t vagy jogszer\u0171s\u00e9g\u00e9t.<\/li>\r\n\r\n\r\n\r\n<li>A Platform jogosult elt\u00e1vol\u00edtani b\u00e1rmely tartalmat, amely s\u00e9rti az \u00c1SZF-et vagy a hat\u00e1lyos jogszab\u00e1lyokat.<\/li>\r\n<li>Az \u00e1ltalad felt\u00f6lt\u00f6tt k\u00e9pek \u00e9s egy\u00e9b tartalom a platform r\u00e9sze lesz, \u00e9s m\u00e1s felhaszn\u00e1l\u00f3k sz\u00e1m\u00e1ra el\u00e9rhet\u0151v\u00e9 \u00e9s let\u00f6lthet\u0151v\u00e9 v\u00e1lik.<\/li>\r\n<li>A felt\u00f6lt\u00f6tt tartalmak a Platformon bel\u00fcl felhaszn\u00e1lhat\u00f3ak, id\u00e9zhet\u0151ek, megoszthat\u00f3k k\u00fcl\u00f6nb\u00f6z\u0151 social media platformokon, \u00e9s komment\u00e1lhat\u00f3ak.\u00a0<\/li>\r\n<li>A weboldal fenntartja a jogot, hogy elt\u00e1vol\u00edtsa a szab\u00e1lyainknak nem megfelel\u0151 tartalmakat, \u00e9s figyelmeztesse vagy korl\u00e1tozza (egyes esetekben tiltsa vagy t\u00f6r\u00f6lje) a felhaszn\u00e1l\u00f3kat a szab\u00e1lyok megs\u00e9rt\u00e9se eset\u00e9n.<\/li>\r\n<\/ul>\r\n\r\n\r\n\r\n<ul class=\"wp-block-list\">\r\n\r\n\r\n\r\n<\/ul>\r\n\r\n\r\n\r\n<p><strong>7. Szellemi tulajdonjogok<\/strong><\/p>\r\n\r\n\r\n\r\n<ul class=\"wp-block-list\">\r\n<li>Regisztr\u00e1lt tagk\u00e9nt a felt\u00f6lt\u00f6tt tartalmak szellemi tulajdonjoga n\u00e1lad marad, de a Platformnak nem kiz\u00e1r\u00f3lagos jogot adsz a tartalom haszn\u00e1lat\u00e1ra, nyilv\u00e1nos megjelen\u00edt\u00e9s\u00e9re a Platform szolg\u00e1ltat\u00e1sainak n\u00e9pszer\u0171s\u00edt\u00e9se \u00e9rdek\u00e9ben. A Platformra felt\u00f6lt\u00f6tt k\u00e9peket referenciak\u00e9nt (de nem \u00f6nmag\u00e1ban) d\u00edjmentesen felhaszn\u00e1lhatjuk online \u00e9s offline rekl\u00e1manyagainkban el\u0151zetes enged\u00e9lyk\u00e9r\u00e9s n\u00e9lk\u00fcl.<\/li>\r\n<\/ul>\r\n\r\n\r\n\r\n<p><strong>8. Felel\u0151ss\u00e9g korl\u00e1toz\u00e1sa<\/strong><\/p>\r\n\r\n\r\n\r\n<ul class=\"wp-block-list\">\r\n<li>Nem v\u00e1llalunk felel\u0151ss\u00e9get a Platform haszn\u00e1lat\u00e1b\u00f3l ered\u0151 k\u00e1rok\u00e9rt, bele\u00e9rtve az adatveszt\u00e9st vagy \u00fczleti vesztes\u00e9get.<\/li>\r\n\r\n\r\n\r\n<li>Nem v\u00e1llalunk felel\u0151ss\u00e9get a felhaszn\u00e1l\u00f3k \u00e1ltal felt\u00f6lt\u00f6tt tartalmak\u00e9rt vagy azok jogszer\u0171s\u00e9g\u00e9\u00e9rt.<\/li>\r\n\r\n\r\n\r\n<li>A Platform nem v\u00e1llal felel\u0151ss\u00e9get a felhaszn\u00e1l\u00f3k \u00e1ltal felt\u00f6lt\u00f6tt tartalmak\u00e9rt \u00e9s a felhaszn\u00e1l\u00f3k viselked\u00e9s\u00e9\u00e9rt. A weboldal nem felel\u0151s az esetleges k\u00f6zvetett, k\u00f6vetkezm\u00e9nyes vagy v\u00e9letlen k\u00e1rok\u00e9rt.<\/li>\r\n\r\n\r\n\r\n<li>A felhaszn\u00e1l\u00f3k felel\u0151sek az\u00e9rt, hogy tartalmuk megfeleljen a vonatkoz\u00f3 jogszab\u00e1lyoknak \u00e9s a weboldal szab\u00e1lyzatainak.<\/li>\r\n<\/ul>\r\n\r\n\r\n\r\n<p><strong>9. A szolg\u00e1ltat\u00e1s m\u00f3dos\u00edt\u00e1sa \u00e9s megsz\u00fcntet\u00e9se<\/strong><\/p>\r\n\r\n\r\n\r\n<ul class=\"wp-block-list\">\r\n<li>Fenntartjuk a jogot a Platform szolg\u00e1ltat\u00e1sainak m\u00f3dos\u00edt\u00e1s\u00e1ra vagy megsz\u00fcntet\u00e9s\u00e9re b\u00e1rmikor.<\/li>\r\n\r\n\r\n\r\n<li>Nem v\u00e1llalunk felel\u0151ss\u00e9get a szolg\u00e1ltat\u00e1s megsz\u00fcntet\u00e9s\u00e9b\u0151l ered\u0151 adatveszt\u00e9s\u00e9rt vagy egy\u00e9b a felhaszn\u00e1l\u00f3t \u00e9rt megsz\u00fcntet\u00e9ssel \u00f6sszef\u00fcgg\u00e9sbe hozhat\u00f3 k\u00e1rok\u00e9rt.<\/li>\r\n\r\n\r\n\r\n<li>A Platform fenntartja a jogot, hogy b\u00e1rmikor m\u00f3dos\u00edtsa a szolg\u00e1ltat\u00e1sokat, funkci\u00f3kat az adatkezel\u00e9si t\u00e1j\u00e9koztat\u00f3t, vagy az \u00c1SZF-et. Az ilyen m\u00f3dos\u00edt\u00e1sokr\u00f3l t\u00e1j\u00e9koztatjuk regisztr\u00e1lt tagjainkat.<\/li>\r\n\r\n\r\n\r\n<li>A Platform fenntartja a jogot, hogy b\u00e1rmikor felf\u00fcggessze vagy megsz\u00fcntesse a szolg\u00e1ltat\u00e1st. A m\u00e1r befizetett tagd\u00edjakat nem \u00e1ll m\u00f3dunkban ut\u00f3lag visszafizetni.<\/li>\r\n<\/ul>\r\n\r\n\r\n\r\n<p><strong>10. Fizet\u0151s szolg\u00e1ltat\u00e1sok<\/strong><\/p>\r\n\r\n\r\n\r\n<ul class=\"wp-block-list\">\r\n<li>A Platform bizonyos funkci\u00f3i fizet\u0151s szolg\u00e1ltat\u00e1sk\u00e9nt \u00e9rhet\u0151k el.<\/li>\r\n\r\n\r\n\r\n<li>A fizet\u0151s szolg\u00e1ltat\u00e1sok d\u00edjait a Platformon a regisztr\u00e1ci\u00f3s folyamat sor\u00e1n (illetve a <em>Tags\u00e1gi csomagok <\/em>oldalon) ismertetj\u00fck, itt van lehet\u0151s\u00e9g kiv\u00e1lasztani a megfelel\u0151t (jelenleg a FREE vagy PRO).<\/li>\r\n\r\n\r\n\r\n<li>A fizet\u0151s szolg\u00e1ltat\u00e1sok ig\u00e9nybev\u00e9tel\u00e9vel elfogadod az azokra vonatkoz\u00f3 k\u00fcl\u00f6n felt\u00e9teleket.<\/li>\r\n\r\n\r\n\r\n<li>A fizet\u0151s szolg\u00e1ltat\u00e1sok technikai biztos\u00edt\u00e1s\u00e1hoz harmadik, k\u00fcls\u0151 szolg\u00e1ltat\u00f3t is ig\u00e9nybe vesz\u00fcnk, akiknek a megadott adataidat a fentebb r\u00e9szletezettek \/ illetve az<strong> <a href=\"https:\/\/mifoto.hu\/beta\/adatkezelesi\/\" data-type=\"link\" data-id=\"https:\/\/mifoto.hu\/beta\/adatkezelesi\/\" target=\"_blank\" rel=\"noopener\">Adatkezel\u00e9si t\u00e1j\u00e9koztat\u00f3ban<\/a><\/strong> is jelzettek \/ szerint ker\u00fcl tov\u00e1bbit\u00e1sra \u00e9s feldolgoz\u00e1sra.<\/li>\r\n<\/ul>\r\n\r\n\r\n\r\n<p><strong>11. Felhaszn\u00e1l\u00f3i viselked\u00e9si szab\u00e1lyok<\/strong><\/p>\r\n\r\n\r\n\r\n<ul class=\"wp-block-list\">\r\n<li>Tilos a Platformot illeg\u00e1lis, k\u00e1ros, fenyeget\u0151, zaklat\u00f3 vagy gy\u0171l\u00f6letkelt\u0151 tev\u00e9kenys\u00e9gekre haszn\u00e1lni.<\/li>\r\n\r\n\r\n\r\n<li>Tilos m\u00e1s felhaszn\u00e1l\u00f3k szem\u00e9lyes adatainak gy\u0171jt\u00e9se vagy felhaszn\u00e1l\u00e1sa a Platform keretein bel\u00fcl \u00e9s k\u00edv\u00fcl egyar\u00e1nt.<\/li>\r\n\r\n\r\n\r\n<li>Tilos a Platform m\u0171k\u00f6d\u00e9s\u00e9nek b\u00e1rmilyen m\u00f3don t\u00f6rt\u00e9n\u0151 akad\u00e1lyoz\u00e1sa vagy zavar\u00e1sa.<\/li>\r\n<\/ul>\r\n\r\n\r\n\r\n<p><strong>12. Moder\u00e1l\u00e1s \u00e9s tartalom elt\u00e1vol\u00edt\u00e1sa<\/strong><\/p>\r\n\r\n\r\n\r\n<ul class=\"wp-block-list\">\r\n<li>Fenntartjuk a jogot b\u00e1rmely tartalom elt\u00e1vol\u00edt\u00e1s\u00e1ra vagy felhaszn\u00e1l\u00f3i fi\u00f3k felf\u00fcggeszt\u00e9s\u00e9re, ha az s\u00e9rti az \u00c1SZF-et, az <strong><a href=\"https:\/\/mifoto.hu\/beta\/adatkezelesi\/\" data-type=\"link\" data-id=\"https:\/\/mifoto.hu\/beta\/adatkezelesi\/\" target=\"_blank\" rel=\"noopener\">Adatkezel\u00e9si t\u00e1j\u00e9koztat\u00f3t<\/a><\/strong>, vagy a hat\u00e1lyos jogszab\u00e1lyokat.<\/li>\r\n\r\n\r\n\r\n<li>A moder\u00e1l\u00e1si d\u00f6nt\u00e9sek ellen fellebbezhetsz az help @mifoto.hu c\u00edmen.<\/li>\r\n<\/ul>\r\n\r\n\r\n\r\n<p><strong>13. Vitarendez\u00e9s<\/strong><\/p>\r\n\r\n\r\n\r\n<ul class=\"wp-block-list\">\r\n<li>Az \u00c1SZF-fel kapcsolatos vit\u00e1kat els\u0151sorban b\u00e9k\u00e9s \u00faton, egyeztet\u00e9ssel pr\u00f3b\u00e1ljuk rendezni. Ha ez nem vezet eredm\u00e9nyre, a vit\u00e1s k\u00e9rd\u00e9sek rendez\u00e9s\u00e9re a magyar b\u00edr\u00f3s\u00e1gok illet\u00e9kesek.<\/li>\r\n<\/ul>\r\n\r\n\r\n\r\n<p><strong>14. Az \u00c1SZF m\u00f3dos\u00edt\u00e1sa<\/strong><\/p>\r\n\r\n\r\n\r\n<ul class=\"wp-block-list\">\r\n<li>Fenntartjuk a jogot az \u00c1SZF egyoldal\u00fa m\u00f3dos\u00edt\u00e1s\u00e1ra.<\/li>\r\n\r\n\r\n\r\n<li>Ha nem fogadod el a m\u00f3dos\u00edtott \u00c1SZF-et, jogodban \u00e1ll felmondani a szerz\u0151d\u00e9st \u00e9s t\u00f6r\u00f6lni a fi\u00f3kodat, vagy k\u00e9rni \u00e1ltalunk val\u00f3 t\u00f6rl\u00e9s\u00e9t \u00edr\u00e1sban a fent jelzett email c\u00edmen. Ez esetben minden felt\u00f6lt\u00f6tt adat \u00e9s kor\u00e1bban felt\u00f6lt\u00f6tt tartalmad t\u00f6rl\u00e9sre ker\u00fcl.<\/li>\r\n<\/ul>\r\n\r\n\r\n\r\n<p><strong>15. Z\u00e1r\u00f3 rendelkez\u00e9sek<\/strong><\/p>\r\n\r\n\r\n\r\n<ul class=\"wp-block-list\">\r\n<li>Az \u00c1SZF-ben nem szab\u00e1lyozott k\u00e9rd\u00e9sekben a magyar jogszab\u00e1lyok az ir\u00e1nyad\u00f3k.<\/li>\r\n\r\n\r\n\r\n<li>Az \u00c1SZF elfogad\u00e1s\u00e1val kijelented, hogy elolvastad, meg\u00e9rtetted \u00e9s elfogadod annak tartalm\u00e1t.<\/li>\r\n<\/ul>\r\n\r\n\r\n\r\n<p><strong>16. \u00c9rv\u00e9nyess\u00e9g<\/strong><\/p>\r\n\r\n\r\n\r\n<p>Az \u00c1SZF a weboldal haszn\u00e1lat\u00e1nak megkezd\u00e9s\u00e9vel l\u00e9p hat\u00e1lyba, \u00e9s a haszn\u00e1lat sor\u00e1n automatikusan \u00e9rv\u00e9nyes marad.<\/p>\r\n\r\n\r\n\r\n<p><strong>Kapcsol\u00f3d\u00f3 jogszab\u00e1lyok:<\/strong><\/p>\r\n\r\n\r\n\r\n<p>&#8211; 2013. \u00e9vi V. t\u00f6rv\u00e9ny a Polg\u00e1ri T\u00f6rv\u00e9nyk\u00f6nyvr\u0151l<\/p>\r\n\r\n\r\n\r\n<p>&#8211; 2001. \u00e9vi CVIII. t\u00f6rv\u00e9ny az elektronikus kereskedelmi szolg\u00e1ltat\u00e1sok, valamint az inform\u00e1ci\u00f3s t\u00e1rsadalommal \u00f6sszef\u00fcgg\u0151 szolg\u00e1ltat\u00e1sok egyes k\u00e9rd\u00e9seir\u0151l<\/p>\r\n\r\n\r\n\r\n<p>&#8211; 1999. \u00e9vi LXXVI. t\u00f6rv\u00e9ny a szerz\u0151i jogr\u00f3l<\/p>\r\n\r\n\r\n\r\n<p>&#8211; AZ EUR\u00d3PAI PARLAMENT \u00c9S A TAN\u00c1CS (EU) 2016\/679 RENDELETE (2016. \u00e1prilis 27.) a term\u00e9szetes szem\u00e9lyeknek a szem\u00e9lyes adatok kezel\u00e9se tekintet\u00e9ben t\u00f6rt\u00e9n\u0151 v\u00e9delm\u00e9r\u0151l \u00e9s az ilyen adatok szabad \u00e1raml\u00e1s\u00e1r\u00f3l<\/p>\r\n\r\n\r\n\r\n<p>A v\u00e1ltoztat\u00e1s jog\u00e1t fenntartjuk.<\/p>\r\n","protected":false},"excerpt":{"rendered":"<input type=\"hidden\" value=\"\" data-essbisPostContainer=\"\" data-essbisPostUrl=\"https:\/\/www.mifoto.hu\/beta\/aszf\/\" data-essbisPostTitle=\"\u00c1SZF\" data-essbisHoverContainer=\"\"><p>\u00c1ltal\u00e1nos Szerz\u0151d\u00e9si Felt\u00e9telek (\u00c1SZF) &nbsp; 1. Bevezet\u00e9s \u00dcdv\u00f6zl\u00fcnk a www.mifoto.hu (tov\u00e1bbiakban: &#8220;Platform&#8221;) \u00c1ltal\u00e1nos Szerz\u0151d\u00e9si Felt\u00e9telek (\u00c1SZF) oldal\u00e1n. Ez a dokumentum szab\u00e1lyozza a Platform haszn\u00e1lat\u00e1nak felt\u00e9teleit, illetve a felhaszn\u00e1l\u00f3k jogait, k\u00f6telezetts\u00e9geit. A weboldalra val\u00f3 regisztr\u00e1ci\u00f3val egyidej\u0171leg elfogadod az \u00c1SZF-ben \u00e9s az Adatv\u00e9delmi t\u00e1j\u00e9koztat\u00f3ban foglaltakat egyar\u00e1nt. 2. A Szolg\u00e1ltat\u00e1s A Platform egy k\u00e9pmegoszt\u00f3 (\u00e9s alap eduk\u00e1ci\u00f3s) k\u00f6z\u00f6ss\u00e9gi&#8230;<\/p>\n","protected":false},"author":1,"featured_media":0,"parent":0,"menu_order":0,"comment_status":"closed","ping_status":"closed","template":"","meta":{"pmpro_default_level":"","footnotes":""},"class_list":["post-34","page","type-page","status-publish","hentry","pmpro-has-access"],"_links":{"self":[{"href":"https:\/\/www.mifoto.hu\/beta\/wp-json\/wp\/v2\/pages\/34","targetHints":{"allow":["GET"]}}],"collection":[{"href":"https:\/\/www.mifoto.hu\/beta\/wp-json\/wp\/v2\/pages"}],"about":[{"href":"https:\/\/www.mifoto.hu\/beta\/wp-json\/wp\/v2\/types\/page"}],"author":[{"embeddable":true,"href":"https:\/\/www.mifoto.hu\/beta\/wp-json\/wp\/v2\/users\/1"}],"replies":[{"embeddable":true,"href":"https:\/\/www.mifoto.hu\/beta\/wp-json\/wp\/v2\/comments?post=34"}],"version-history":[{"count":0,"href":"https:\/\/www.mifoto.hu\/beta\/wp-json\/wp\/v2\/pages\/34\/revisions"}],"wp:attachment":[{"href":"https:\/\/www.mifoto.hu\/beta\/wp-json\/wp\/v2\/media?parent=34"}],"curies":[{"name":"wp","href":"https:\/\/api.w.org\/{rel}","templated":true}]}}