{"id":58,"date":"2026-01-14T11:33:48","date_gmt":"2026-01-14T10:33:48","guid":{"rendered":"https:\/\/mifoto.hu\/beta\/?page_id=58"},"modified":"2026-01-18T22:36:29","modified_gmt":"2026-01-18T21:36:29","slug":"mediaajanlat","status":"publish","type":"page","link":"https:\/\/www.mifoto.hu\/beta\/mediaajanlat\/","title":{"rendered":"M\u00e9diaaj\u00e1nlat"},"content":{"rendered":"<input type=\"hidden\" value=\"\" data-essbisPostContainer=\"\" data-essbisPostUrl=\"https:\/\/www.mifoto.hu\/beta\/mediaajanlat\/\" data-essbisPostTitle=\"M\u00e9diaaj\u00e1nlat\" data-essbisHoverContainer=\"\">\r\n<p>&nbsp;<\/p>\r\n\r\n<p>Ezen az oldalon \u00e1ttekintheti \u00e9s k\u00f6nnyed\u00e9n megrendelheti a k\u00edv\u00e1nt hirdet\u00e9si fel\u00fcletet a Platformon val\u00f3 megjelen\u00e9shez. A fizet\u00e9si szolg\u00e1ltat\u00e1st a STRIPE biztos\u00edtja, a sz\u00e1ml\u00e1t a Billingo rendszere fogja k\u00fcldeni. Ha nem kapja meg, k\u00e9rj\u00fck n\u00e9zze meg a SPAM k\u00f6nyvt\u00e1rat is.\u00a0<\/p>\r\n<p style=\"text-align: center;\">********<\/p>\r\n<p><strong>A hirdet\u00e9si anyagot a help@mifoto.hu c\u00edmre k\u00fcldje, <em>fizet\u00e9si azonos\u00edt\u00f3 \/ sz\u00e1mla sorsz\u00e1m<\/em> megjel\u00f6l\u00e9ssel.<\/strong><\/p>\r\n<p><em>Fontos, hogy a Platform semminem\u0171 felel\u0151ss\u00e9get nem v\u00e1llal a megrendel\u0151 \u00e1ltal k\u00fcld\u00f6tt tartalmak val\u00f3dis\u00e1g\u00e1\u00e9rt, illetve az\u00e9rt sem, hogy az s\u00e9rt e b\u00e1rmilyen szem\u00e9lyis\u00e9gi \u00e9s szerz\u0151i jogokat. Ez minden esetben a megrendel\u0151 felel\u0151ss\u00e9ge.<\/em><\/p>\r\n<p><em>Jogunkban \u00e1ll a megrendel\u00e9st visszautas\u00edtani, ha az a Platform jogaival \u00e9s \u00e9rdekeivel szembemegy, gy\u0171l\u00f6letkelt\u0151, pornogr\u00e1f, a j\u00f3 \u00edzl\u00e9st s\u00e9rt\u0151, etnikai hovatartoz\u00e1st s\u00e9rt\u0151, politikai tartalm\u00fa, egy\u00e9b.\u00a0<\/em><\/p>\r\n<p>A m\u00f3dos\u00edt\u00e1s jog\u00e1t fenntartjuk.\u00a0<br \/>Az \u00e1rak brutt\u00f3ban \u00e9rtend\u0151k (AAM).<\/p>\r\n<h2>[MI]csoda j\u00f3 indul\u00e1si \u00e1rak!<\/h2>\r\n<p><br \/>Enn\u00e9l jobb nem lesz.<br \/><a href=\"https:\/\/mifoto.hu\/beta\/wp-content\/uploads\/2024\/09\/LFB.jpg\" data-elementor-open-lightbox=\"yes\" data-elementor-lightbox-title=\"LFB\" data-e-action-hash=\"#elementor-action%3Aaction%3Dlightbox%26settings%3DeyJpZCI6Nzk4NywidXJsIjoiaHR0cHM6XC9cL3d3dy5taWZvdG8uaHVcL3dwLWNvbnRlbnRcL3VwbG9hZHNcLzIwMjRcLzA5XC9MRkIuanBnIn0%3D\" rel=\"nofollow noopener\" target=\"_blank\"><br \/><img fetchpriority=\"high\" decoding=\"async\" src=\"https:\/\/mifoto.hu\/beta\/wp-content\/uploads\/2024\/09\/LFB-1024x560.jpg\" sizes=\"100vw\" srcset=\"https:\/\/mifoto.hu\/beta\/wp-content\/uploads\/2024\/09\/LFB-1024x560.jpg 1024w, https:\/\/mifoto.hu\/beta\/wp-content\/uploads\/2024\/09\/LFB-300x164.jpg 300w, https:\/\/mifoto.hu\/beta\/wp-content\/uploads\/2024\/09\/LFB-768x420.jpg 768w, https:\/\/mifoto.hu\/beta\/wp-content\/uploads\/2024\/09\/LFB-50x27.jpg 50w, https:\/\/mifoto.hu\/beta\/wp-content\/uploads\/2024\/09\/LFB-100x55.jpg 100w, https:\/\/mifoto.hu\/beta\/wp-content\/uploads\/2024\/09\/LFB.jpg 1365w\" alt=\"\" width=\"1024\" height=\"560\" title=\"- bek\u00fcldte:\"> <\/a><\/p>\r\n<h3 data-elementor-setting-key=\"heading\" data-elementor-inline-editing-toolbar=\"basic\">Large<\/h3>\r\n<p data-elementor-setting-key=\"sub_heading\" data-elementor-inline-editing-toolbar=\"basic\">728*90 px<\/p>\r\n<ul data-side=\"\" data-hotspottrigger=\"\" data-arrow=\"\" data-distance=\"6\" data-delay=\"300\" data-animation=\"\" data-animduration=\"350\" data-zindex=\"99\" data-length=\"5\" data-tooltip-maxwidth=\"250\" data-tooltip-minwidth=\"0\" data-tooltip-responsive=\"\" data-enable-tooltip=\"no\">\r\n<li>7 nap folyamatos hirdet\u00e9s, rot\u00e1lva<\/li>\r\n<li>K\u00e9p banner megjelen\u00edt\u00e9s jpg \/ png form\u00e1tumban<\/li>\r\n<li>K\u00f6zvetlen linkel\u00e9s a weboldalra<\/li>\r\n<li>Kattint\u00e1s \u00e9s megjelen\u00e9s alap\u00fa m\u00e9r\u00e9s<\/li>\r\n<li>7 \/ 14 \/ 28 napi megjelen\u00e9s, ezt a megrendel\u00e9sn\u00e9l a mennyis\u00e9ggel tudja jel\u00f6lni<\/li>\r\n<\/ul>\r\n<p>4.000 Ft \/ 7 nap<br \/><a href=\"https:\/\/buy.stripe.com\/fZe9Cqbt8eRi83C9AJ\" target=\"_blank\" rel=\"noopener\"><br \/>Megrendelem<br \/><\/a><\/p>\r\n<h5 data-elementor-setting-key=\"heading\" data-elementor-inline-editing-toolbar=\"basic\">Jobb oldali box (7nap)<\/h5>\r\n<p data-elementor-setting-key=\"sub_heading\" data-elementor-inline-editing-toolbar=\"basic\">\u00a0<\/p>\r\n<ul data-side=\"\" data-hotspottrigger=\"\" data-arrow=\"\" data-distance=\"6\" data-delay=\"300\" data-animation=\"\" data-animduration=\"350\" data-zindex=\"99\" data-length=\"5\" data-tooltip-maxwidth=\"250\" data-tooltip-minwidth=\"0\" data-tooltip-responsive=\"\" data-enable-tooltip=\"no\">\r\n<li>7 nap folyamatos megjelen\u00e9s, rot\u00e1lva (\u00faj oldal bet\u00f6lt\u00e9sekor m\u00e1sik hirdet\u00e9s)<\/li>\r\n<li>300*300 pixel m\u00e9ret\u0171 k\u00e9pes hirdet\u00e9s jpg \/ png form\u00e1tumban<\/li>\r\n<li>K\u00f6zvetlen linkel\u00e9s a weboldalra<\/li>\r\n<li>Responsive megjelen\u00e9s mobilon is<\/li>\r\n<li>Kattint\u00e1s \u00e9s megjelen\u00e9s alap\u00fa m\u00e9r\u00e9s<\/li>\r\n<\/ul>\r\n<p>2.500 Ft \/ 7 nap<br \/><a href=\"https:\/\/buy.stripe.com\/00gbKycxc38AcjS3ci\" target=\"_blank\" rel=\"noopener\"><br \/>Megrendelem<br \/><\/a><\/p>\r\n<h5 data-elementor-setting-key=\"heading\" data-elementor-inline-editing-toolbar=\"basic\">Jobb oldali box (14 nap)<\/h5>\r\n<p data-elementor-setting-key=\"sub_heading\" data-elementor-inline-editing-toolbar=\"basic\">\u00a0<\/p>\r\n<ul data-side=\"\" data-hotspottrigger=\"\" data-arrow=\"\" data-distance=\"6\" data-delay=\"300\" data-animation=\"\" data-animduration=\"350\" data-zindex=\"99\" data-length=\"5\" data-tooltip-maxwidth=\"250\" data-tooltip-minwidth=\"0\" data-tooltip-responsive=\"\" data-enable-tooltip=\"no\">\r\n<li>14 nap folyamatos megjelen\u00e9s, rot\u00e1lva (\u00faj oldal bet\u00f6lt\u00e9sekor m\u00e1sik hirdet\u00e9s)<\/li>\r\n<li>300*300 pixel m\u00e9ret\u0171 k\u00e9pes hirdet\u00e9s jpg \/ png form\u00e1tumban<\/li>\r\n<li>K\u00f6zvetlen linkel\u00e9s a weboldalra<\/li>\r\n<li>Responsive megjelen\u00e9s mobilon is<\/li>\r\n<li>Kattint\u00e1s \u00e9s megjelen\u00e9s alap\u00fa m\u00e9r\u00e9s<\/li>\r\n<\/ul>\r\n<p>4.900 Ft \/ 14 nap<br \/><a href=\"https:\/\/buy.stripe.com\/6oEcOCgNscJaabK3cj\" target=\"_blank\" rel=\"noopener\"><br \/>Megrendelem<br \/><\/a><\/p>\r\n<h5 data-elementor-setting-key=\"heading\" data-elementor-inline-editing-toolbar=\"basic\">Jobb oldali box (30 nap)<\/h5>\r\n<p data-elementor-setting-key=\"sub_heading\" data-elementor-inline-editing-toolbar=\"basic\">\u00a0<\/p>\r\n<ul data-side=\"\" data-hotspottrigger=\"\" data-arrow=\"\" data-distance=\"6\" data-delay=\"300\" data-animation=\"\" data-animduration=\"350\" data-zindex=\"99\" data-length=\"6\" data-tooltip-maxwidth=\"250\" data-tooltip-minwidth=\"0\" data-tooltip-responsive=\"\" data-enable-tooltip=\"no\">\r\n<li><br \/>\u00daj megrendel\u0151knek (k\u00f3d: &#8220;ELSO10&#8221;)<\/li>\r\n<li>30 nap folyamatos megjelen\u00e9s, rot\u00e1lva (\u00faj oldal bet\u00f6lt\u00e9sekor m\u00e1sik hirdet\u00e9s)<\/li>\r\n<li>300*300 pixel m\u00e9ret\u0171 k\u00e9pes hirdet\u00e9s jpg \/ png form\u00e1tumban<\/li>\r\n<li>K\u00f6zvetlen linkel\u00e9s a weboldalra<\/li>\r\n<li>Responsive megjelen\u00e9s mobilon is<\/li>\r\n<li>Kattint\u00e1s \u00e9s megjelen\u00e9s alap\u00fa m\u00e9r\u00e9s<\/li>\r\n<\/ul>\r\n<p>8.900 Ft \/ 30 nap<br \/><a href=\"https:\/\/buy.stripe.com\/7sI29Y54KbF60BafZ6\" target=\"_blank\" rel=\"noopener\"><br \/>Megrendelem<br \/><\/a><br \/><br \/><a href=\"https:\/\/mifoto.hu\/beta\/wp-content\/uploads\/2024\/09\/JOB.jpg\" data-elementor-open-lightbox=\"yes\" data-elementor-lightbox-title=\"JOB\" data-e-action-hash=\"#elementor-action%3Aaction%3Dlightbox%26settings%3DeyJpZCI6Nzk1MiwidXJsIjoiaHR0cHM6XC9cL3d3dy5taWZvdG8uaHVcL3dwLWNvbnRlbnRcL3VwbG9hZHNcLzIwMjRcLzA5XC9KT0IuanBnIn0%3D\" rel=\"nofollow noopener\" target=\"_blank\"><br \/><img decoding=\"async\" src=\"https:\/\/mifoto.hu\/beta\/wp-content\/uploads\/2024\/09\/JOB-1024x531.jpg\" sizes=\"100vw\" srcset=\"https:\/\/mifoto.hu\/beta\/wp-content\/uploads\/2024\/09\/JOB-1024x531.jpg 1024w, https:\/\/mifoto.hu\/beta\/wp-content\/uploads\/2024\/09\/JOB-300x156.jpg 300w, https:\/\/mifoto.hu\/beta\/wp-content\/uploads\/2024\/09\/JOB-768x399.jpg 768w, https:\/\/mifoto.hu\/beta\/wp-content\/uploads\/2024\/09\/JOB-1536x797.jpg 1536w, https:\/\/mifoto.hu\/beta\/wp-content\/uploads\/2024\/09\/JOB-50x26.jpg 50w, https:\/\/mifoto.hu\/beta\/wp-content\/uploads\/2024\/09\/JOB-100x52.jpg 100w, https:\/\/mifoto.hu\/beta\/wp-content\/uploads\/2024\/09\/JOB.jpg 1551w\" alt=\"\" width=\"1024\" height=\"531\" title=\"- bek\u00fcldte:\"> <\/a><\/p>\r\n<h3 data-elementor-setting-key=\"heading\" data-elementor-inline-editing-toolbar=\"basic\">Sz\u00f6veges hirdet\u00e9s f\u0151oldalon (5 nap)<\/h3>\r\n<p data-elementor-setting-key=\"sub_heading\" data-elementor-inline-editing-toolbar=\"basic\">SZH5<\/p>\r\n<ul data-side=\"\" data-hotspottrigger=\"\" data-arrow=\"\" data-distance=\"6\" data-delay=\"300\" data-animation=\"\" data-animduration=\"350\" data-zindex=\"99\" data-length=\"3\" data-tooltip-maxwidth=\"250\" data-tooltip-minwidth=\"0\" data-tooltip-responsive=\"\" data-enable-tooltip=\"no\">\r\n<li>5 nap folyamatos hirdet\u00e9s, rot\u00e1lva<\/li>\r\n<li>R\u00f6vid, 5-6 szavas megjelen\u00e9s<\/li>\r\n<li>K\u00f6zvetlen linkel\u00e9s a weboldalra<\/li>\r\n<\/ul>\r\n<p>3.000 Ft \/ 5 nap<br \/><a href=\"https:\/\/buy.stripe.com\/4gwg0Obt89wY83C28c\" target=\"_blank\" rel=\"noopener\"><br \/>Megrendelem<br \/><\/a><\/p>\r\n<h3 data-elementor-setting-key=\"heading\" data-elementor-inline-editing-toolbar=\"basic\">Sz\u00f6veges hirdet\u00e9s f\u0151oldalon (14 nap)<\/h3>\r\n<p data-elementor-setting-key=\"sub_heading\" data-elementor-inline-editing-toolbar=\"basic\">\u00daj megrendel\u0151knek (k\u00f3d: &#8220;ELSO5&#8221;)<\/p>\r\n<ul data-side=\"\" data-hotspottrigger=\"\" data-arrow=\"\" data-distance=\"6\" data-delay=\"300\" data-animation=\"\" data-animduration=\"350\" data-zindex=\"99\" data-length=\"3\" data-tooltip-maxwidth=\"250\" data-tooltip-minwidth=\"0\" data-tooltip-responsive=\"\" data-enable-tooltip=\"\">\r\n<li>14 nap folyamatos hirdet\u00e9s, rot\u00e1lva<\/li>\r\n<li>R\u00f6vid, 5-6 szavas megjelen\u00e9s<\/li>\r\n<li>K\u00f6zvetlen linkel\u00e9s a weboldalra<\/li>\r\n<\/ul>\r\n<p>8.000 Ft \/ 14 nap<br \/><a href=\"https:\/\/buy.stripe.com\/6oE4i69l08sU4Rq28d\" target=\"_blank\" rel=\"noopener\"><br \/>Megrendelem<br \/><\/a><\/p>\r\n<p><br \/><a href=\"https:\/\/mifoto.hu\/beta\/wp-content\/uploads\/2024\/09\/szh-e1726126778489.jpg\" data-elementor-open-lightbox=\"yes\" data-elementor-lightbox-title=\"szh\" data-e-action-hash=\"#elementor-action%3Aaction%3Dlightbox%26settings%3DeyJpZCI6Nzg4MCwidXJsIjoiaHR0cHM6XC9cL3d3dy5taWZvdG8uaHVcL3dwLWNvbnRlbnRcL3VwbG9hZHNcLzIwMjRcLzA5XC9zemgtZTE3MjYxMjY3Nzg0ODkuanBnIn0%3D\" rel=\"nofollow noopener\" target=\"_blank\"><img decoding=\"async\" src=\"https:\/\/mifoto.hu\/beta\/wp-content\/uploads\/2024\/09\/szh-e1726126778489.jpg\" sizes=\"100vw\" srcset=\"https:\/\/mifoto.hu\/beta\/wp-content\/uploads\/2024\/09\/szh-e1726126778489.jpg 1346w, https:\/\/mifoto.hu\/beta\/wp-content\/uploads\/2024\/09\/szh-e1726126778489-300x164.jpg 300w, https:\/\/mifoto.hu\/beta\/wp-content\/uploads\/2024\/09\/szh-e1726126778489-1024x561.jpg 1024w, https:\/\/mifoto.hu\/beta\/wp-content\/uploads\/2024\/09\/szh-e1726126778489-768x421.jpg 768w, https:\/\/mifoto.hu\/beta\/wp-content\/uploads\/2024\/09\/szh-e1726126778489-50x27.jpg 50w, https:\/\/mifoto.hu\/beta\/wp-content\/uploads\/2024\/09\/szh-e1726126778489-100x55.jpg 100w\" alt=\"\" width=\"1346\" height=\"737\" title=\"- bek\u00fcldte:\"> <\/a><\/p>\r\n<p>A leger\u0151sebb figyelemfelkelt\u0151 fel\u00fclet, hiszen a felhaszn\u00e1l\u00f3ink tartalom felt\u00f6lt\u00e9s\u00e9n\u00e9l akaratlanul is tal\u00e1lkozik a hirdet\u00e9ssel. Ha kell\u0151en er\u0151s szavakat haszn\u00e1l, garant\u00e1lt a kattint\u00e1s. <br \/><strong>M\u00e9rhet\u0151 a megjelen\u00e9s \u00e9s a kattint\u00e1si ar\u00e1ny is. <\/strong>\/ \u00a0A hirdet\u00e9sek rot\u00e1lva jelennek meg.<\/p>","protected":false},"excerpt":{"rendered":"<input type=\"hidden\" value=\"\" data-essbisPostContainer=\"\" data-essbisPostUrl=\"https:\/\/www.mifoto.hu\/beta\/mediaajanlat\/\" data-essbisPostTitle=\"M\u00e9diaaj\u00e1nlat\" data-essbisHoverContainer=\"\"><p>&nbsp; Ezen az oldalon \u00e1ttekintheti \u00e9s k\u00f6nnyed\u00e9n megrendelheti a k\u00edv\u00e1nt hirdet\u00e9si fel\u00fcletet a Platformon val\u00f3 megjelen\u00e9shez. A fizet\u00e9si szolg\u00e1ltat\u00e1st a STRIPE biztos\u00edtja, a sz\u00e1ml\u00e1t a Billingo rendszere fogja k\u00fcldeni. Ha nem kapja meg, k\u00e9rj\u00fck n\u00e9zze meg a SPAM k\u00f6nyvt\u00e1rat is.\u00a0 ******** A hirdet\u00e9si anyagot a help@mifoto.hu c\u00edmre k\u00fcldje, fizet\u00e9si azonos\u00edt\u00f3 \/ sz\u00e1mla sorsz\u00e1m megjel\u00f6l\u00e9ssel. Fontos,&#8230;<\/p>\n","protected":false},"author":1,"featured_media":0,"parent":0,"menu_order":0,"comment_status":"closed","ping_status":"closed","template":"elementor_theme","meta":{"pmpro_default_level":"","footnotes":""},"class_list":["post-58","page","type-page","status-publish","hentry","pmpro-has-access"],"_links":{"self":[{"href":"https:\/\/www.mifoto.hu\/beta\/wp-json\/wp\/v2\/pages\/58","targetHints":{"allow":["GET"]}}],"collection":[{"href":"https:\/\/www.mifoto.hu\/beta\/wp-json\/wp\/v2\/pages"}],"about":[{"href":"https:\/\/www.mifoto.hu\/beta\/wp-json\/wp\/v2\/types\/page"}],"author":[{"embeddable":true,"href":"https:\/\/www.mifoto.hu\/beta\/wp-json\/wp\/v2\/users\/1"}],"replies":[{"embeddable":true,"href":"https:\/\/www.mifoto.hu\/beta\/wp-json\/wp\/v2\/comments?post=58"}],"version-history":[{"count":0,"href":"https:\/\/www.mifoto.hu\/beta\/wp-json\/wp\/v2\/pages\/58\/revisions"}],"wp:attachment":[{"href":"https:\/\/www.mifoto.hu\/beta\/wp-json\/wp\/v2\/media?parent=58"}],"curies":[{"name":"wp","href":"https:\/\/api.w.org\/{rel}","templated":true}]}}