{"id":6818,"date":"2024-08-22T11:53:04","date_gmt":"2024-08-22T09:53:04","guid":{"rendered":"https:\/\/mifoto.hu\/beta\/?page_id=6818"},"modified":"2024-10-25T22:23:38","modified_gmt":"2024-10-25T20:23:38","slug":"regisztracio","status":"publish","type":"page","link":"https:\/\/www.mifoto.hu\/beta\/regisztracio\/","title":{"rendered":"Regisztr\u00e1ci\u00f3"},"content":{"rendered":"<input type=\"hidden\" value=\"\" data-essbisPostContainer=\"\" data-essbisPostUrl=\"https:\/\/www.mifoto.hu\/beta\/regisztracio\/\" data-essbisPostTitle=\"Regisztr\u00e1ci\u00f3\" data-essbisHoverContainer=\"\">\t\t<div data-elementor-type=\"wp-page\" data-elementor-id=\"6818\" class=\"elementor elementor-6818\">\n\t\t\t\t<div class=\"elementor-element elementor-element-9d0c812 e-con-full e-flex e-con e-parent\" data-id=\"9d0c812\" data-element_type=\"container\">\n\t\t<div class=\"elementor-element elementor-element-05eeba1 e-con-full e-flex e-con e-child\" data-id=\"05eeba1\" data-element_type=\"container\" data-settings=\"{&quot;background_background&quot;:&quot;classic&quot;}\">\n\t\t\t\t<\/div>\n\t\t<div class=\"elementor-element elementor-element-6d1b91d e-con-full e-flex e-con e-child\" data-id=\"6d1b91d\" data-element_type=\"container\">\n\t\t\t\t<\/div>\n\t\t\t\t<\/div>\n\t\t<div class=\"elementor-element elementor-element-22f8691 e-con-full e-flex e-con e-parent\" data-id=\"22f8691\" data-element_type=\"container\">\n\t\t\t\t<div class=\"elementor-element elementor-element-24eaa90 elementor-widget elementor-widget-wp-widget-mailpoet_form\" data-id=\"24eaa90\" data-element_type=\"widget\" data-widget_type=\"wp-widget-mailpoet_form.default\">\n\t\t\t\t<div class=\"elementor-widget-container\">\n\t\t\t\t\t  \n  \n  <div class=\"\n    mailpoet_form_popup_overlay\n      \"><\/div>\n  <div\n    id=\"mailpoet_form_1\"\n    class=\"\n      mailpoet_form\n      mailpoet_form_widget\n      mailpoet_form_position_\n      mailpoet_form_animation_\n    \"\n      >\n\n    <style type=\"text\/css\">\n     #mailpoet_form_1 .mailpoet_form {  }\n#mailpoet_form_1 form { margin-bottom: 0; }\n#mailpoet_form_1 h1.mailpoet-heading { margin: 0 0 20px; }\n#mailpoet_form_1 p.mailpoet_form_paragraph.last { margin-bottom: 5px; }\n#mailpoet_form_1 .mailpoet_column_with_background { padding: 10px; }\n#mailpoet_form_1 .mailpoet_form_column:not(:first-child) { margin-left: 20px; }\n#mailpoet_form_1 .mailpoet_paragraph { line-height: 20px; margin-bottom: 20px; }\n#mailpoet_form_1 .mailpoet_segment_label, #mailpoet_form_1 .mailpoet_text_label, #mailpoet_form_1 .mailpoet_textarea_label, #mailpoet_form_1 .mailpoet_select_label, #mailpoet_form_1 .mailpoet_radio_label, #mailpoet_form_1 .mailpoet_checkbox_label, #mailpoet_form_1 .mailpoet_list_label, #mailpoet_form_1 .mailpoet_date_label { display: block; font-weight: normal; }\n#mailpoet_form_1 .mailpoet_text, #mailpoet_form_1 .mailpoet_textarea, #mailpoet_form_1 .mailpoet_select, #mailpoet_form_1 .mailpoet_date_month, #mailpoet_form_1 .mailpoet_date_day, #mailpoet_form_1 .mailpoet_date_year, #mailpoet_form_1 .mailpoet_date { display: block; }\n#mailpoet_form_1 .mailpoet_text, #mailpoet_form_1 .mailpoet_textarea { width: 200px; }\n#mailpoet_form_1 .mailpoet_checkbox {  }\n#mailpoet_form_1 .mailpoet_submit {  }\n#mailpoet_form_1 .mailpoet_divider {  }\n#mailpoet_form_1 .mailpoet_message {  }\n#mailpoet_form_1 .mailpoet_form_loading { width: 30px; text-align: center; line-height: normal; }\n#mailpoet_form_1 .mailpoet_form_loading > span { width: 5px; height: 5px; background-color: #5b5b5b; }#mailpoet_form_1{border-radius: 16px;background: #ffffff;color: #313131;text-align: left;}#mailpoet_form_1 form.mailpoet_form {padding: 20px;}#mailpoet_form_1{width: 100%;}#mailpoet_form_1 .mailpoet_message {margin: 0; padding: 0 20px;}\n        #mailpoet_form_1 .mailpoet_validate_success {color: #00d084}\n        #mailpoet_form_1 input.parsley-success {color: #00d084}\n        #mailpoet_form_1 select.parsley-success {color: #00d084}\n        #mailpoet_form_1 textarea.parsley-success {color: #00d084}\n      \n        #mailpoet_form_1 .mailpoet_validate_error {color: #cf2e2e}\n        #mailpoet_form_1 input.parsley-error {color: #cf2e2e}\n        #mailpoet_form_1 select.parsley-error {color: #cf2e2e}\n        #mailpoet_form_1 textarea.textarea.parsley-error {color: #cf2e2e}\n        #mailpoet_form_1 .parsley-errors-list {color: #cf2e2e}\n        #mailpoet_form_1 .parsley-required {color: #cf2e2e}\n        #mailpoet_form_1 .parsley-custom-error-message {color: #cf2e2e}\n      #mailpoet_form_1 .mailpoet_paragraph.last {margin-bottom: 0} @media (max-width: 500px) {#mailpoet_form_1 {background: #ffffff;}} @media (min-width: 500px) {#mailpoet_form_1 .last .mailpoet_paragraph:last-child {margin-bottom: 0}}  @media (max-width: 500px) {#mailpoet_form_1 .mailpoet_form_column:last-child .mailpoet_paragraph:last-child {margin-bottom: 0}} \n    <\/style>\n\n    <form\n      target=\"_self\"\n      method=\"post\"\n      action=\"https:\/\/www.mifoto.hu\/beta\/wp-admin\/admin-post.php?action=mailpoet_subscription_form\"\n      class=\"mailpoet_form mailpoet_form_form mailpoet_form_widget\"\n      novalidate\n      data-delay=\"\"\n      data-exit-intent-enabled=\"\"\n      data-font-family=\"\"\n      data-cookie-expiration-time=\"\"\n    >\n      <input type=\"hidden\" name=\"data[form_id]\" value=\"1\" \/>\n      <input type=\"hidden\" name=\"token\" value=\"8f31877998\" \/>\n      <input type=\"hidden\" name=\"api_version\" value=\"v1\" \/>\n      <input type=\"hidden\" name=\"endpoint\" value=\"subscribers\" \/>\n      <input type=\"hidden\" name=\"mailpoet_method\" value=\"subscribe\" \/>\n\n      <label class=\"mailpoet_hp_email_label\" style=\"display: none !important;\">Please leave this field empty<input type=\"email\" name=\"data[email]\"\/><\/label><div class=\"mailpoet_form_image is-style-default\"><figure class=\"size-large aligncenter\"><img decoding=\"async\" src=\"https:\/\/ps.w.org\/mailpoet\/assets\/form-templates\/template-1\/Oval@3x-2-1024x570.png\" alt=\"\" title=\"- bek\u00fcldte:\"><\/figure><\/div>\n<p class=\"mailpoet_form_paragraph  mailpoet-has-font-size\" style=\"text-align: left; color: #313131; font-size: 40px\"><span style=\"font-family: Asap\" data-font=\"Asap\" class=\"mailpoet-has-font\">Csatlakozz tov\u00e1bbi extra tartalom\u00e9rt<\/span><\/p>\n<div class='mailpoet_form_columns_container'><div class=\"mailpoet_form_columns mailpoet_paragraph mailpoet_stack_on_mobile\"><div class=\"mailpoet_form_column mailpoet_vertically_align_center\" style=\"flex-basis:100%;\"><div class=\"mailpoet_paragraph \"><input type=\"email\" autocomplete=\"email\" class=\"mailpoet_text\" id=\"form_email_1\" name=\"data[form_field_YTQyMjNjNTQ3YzY5X2VtYWls]\" title=\"Email c\u00edmed\" value=\"\" style=\"width:100%;box-sizing:border-box;padding:16px;margin: 0 auto 0 0;font-family:&#039;Montserrat&#039;;font-size:20px;line-height:1.5;height:auto;\" data-automation-id=\"form_email\"  placeholder=\"Email c\u00edmed *\" aria-label=\"Email c\u00edmed *\" data-parsley-errors-container=\".mailpoet_error_1th7l\" data-parsley-required=\"true\" required aria-required=\"true\" data-parsley-minlength=\"6\" data-parsley-maxlength=\"150\" data-parsley-type-message=\"This value should be a valid email.\" data-parsley-required-message=\"This field is required.\"\/><span class=\"mailpoet_error_1th7l\"><\/span><\/div>\n<div class=\"mailpoet_paragraph \"><input type=\"text\" autocomplete=\"given-name\" class=\"mailpoet_text\" id=\"form_first_name_1\" name=\"data[form_field_MDlhODcxOWQzMDViX2ZpcnN0X25hbWU=]\" title=\"Keresztneved\" value=\"\" style=\"width:100%;box-sizing:border-box;padding:16px;margin: 0 auto 0 0;font-family:&#039;Montserrat&#039;;font-size:20px;line-height:1.5;height:auto;\" data-automation-id=\"form_first_name\"  placeholder=\"Keresztneved *\" aria-label=\"Keresztneved *\" data-parsley-errors-container=\".mailpoet_error_19byk\" data-parsley-names='[&quot;Please specify a valid name.&quot;,&quot;Addresses in names are not permitted, please add your name instead.&quot;]' data-parsley-required=\"true\" required aria-required=\"true\" data-parsley-required-message=\"This field is required.\"\/><span class=\"mailpoet_error_19byk\"><\/span><\/div>\n<\/div>\n<\/div><\/div>\n<div class=\"mailpoet_paragraph \"><input type=\"submit\" class=\"mailpoet_submit\" value=\"Feliratkozom\" data-automation-id=\"subscribe-submit-button\" data-font-family='Montserrat' style=\"width:100%;box-sizing:border-box;background-color:#7bdcb5;border-style:solid;border-radius:8px !important;border-width:0px;padding:16px;margin: 0 auto 0 0;font-family:&#039;Montserrat&#039;;font-size:24px;line-height:1.5;height:auto;color:#ffffff;border-color:transparent;font-weight:bold;\" \/><span class=\"mailpoet_form_loading\"><span class=\"mailpoet_bounce1\"><\/span><span class=\"mailpoet_bounce2\"><\/span><span class=\"mailpoet_bounce3\"><\/span><\/span><\/div>\n<p class=\"mailpoet_form_paragraph  mailpoet-has-font-size\" style=\"text-align: center; font-size: 13px; line-height: 1.5\">Olvasd el<em><span style=\"font-family: Montserrat\" data-font=\"Montserrat\" class=\"mailpoet-has-font\"> <\/span><\/em><a href=\"https:\/\/mifoto.hu\/adatkezelesi\/\" data-type=\"link\" data-id=\"https:\/\/mifoto.hu\/adatkezelesi\/\" target=\"_blank\" rel=\"noreferrer noopener\"><strong><em>Adatkezel\u00e9si t\u00e1j\u00e9koztat\u00f3<\/em><\/strong><\/a><em><span style=\"font-family: Montserrat\" data-font=\"Montserrat\" class=\"mailpoet-has-font\">nkat.<\/span><\/em><\/p>\n\n      <div class=\"mailpoet_message\">\n        <p class=\"mailpoet_validate_success\"\n                style=\"display:none;\"\n                >K\u00e9rlek n\u00e9zd meg az emailedet a feliratkoz\u00e1s meger\u0151s\u00edt\u00e9s\u00e9hez.\n        <\/p>\n        <p class=\"mailpoet_validate_error\"\n                style=\"display:none;\"\n                >        <\/p>\n      <\/div>\n    <\/form>\n\n      <\/div>\n\n  \t\t\t\t<\/div>\n\t\t\t\t<\/div>\n\t\t\t\t<\/div>\n\t\t\t\t<\/div>\n\t\t","protected":false},"excerpt":{"rendered":"<input type=\"hidden\" value=\"\" data-essbisPostContainer=\"\" data-essbisPostUrl=\"https:\/\/www.mifoto.hu\/beta\/regisztracio\/\" data-essbisPostTitle=\"Regisztr\u00e1ci\u00f3\" data-essbisHoverContainer=\"\"><p>Egy \u00faj k\u00f6z\u00f6ss\u00e9g van sz\u00fclet\u0151ben T\u00e9ged is \u00e9rdekel az AI vil\u00e1ga, hogy milyen csod\u00e1s k\u00e9peket lehet alkotni p\u00e1r sz\u00f3val? Ne maradj le! Most m\u00e9g id\u0151ben vagyunk ahhoz, hogy a technol\u00f3gia fejl\u0151d\u00e9s\u00e9vel egy\u00fctt tanuljunk. Csatlakozz! Gyere \u00e9s szerezz \u00faj bar\u00e1tok, besz\u00e9lgess, t\u00f6lts fel k\u00e9peket, fejl\u0151dj az AI k\u00e9pgener\u00e1l\u00e1s vil\u00e1g\u00e1ban.<\/p>\n","protected":false},"author":1,"featured_media":0,"parent":0,"menu_order":0,"comment_status":"closed","ping_status":"closed","template":"elementor_theme","meta":{"pmpro_default_level":"","footnotes":""},"class_list":["post-6818","page","type-page","status-publish","hentry","pmpro-has-access"],"_links":{"self":[{"href":"https:\/\/www.mifoto.hu\/beta\/wp-json\/wp\/v2\/pages\/6818","targetHints":{"allow":["GET"]}}],"collection":[{"href":"https:\/\/www.mifoto.hu\/beta\/wp-json\/wp\/v2\/pages"}],"about":[{"href":"https:\/\/www.mifoto.hu\/beta\/wp-json\/wp\/v2\/types\/page"}],"author":[{"embeddable":true,"href":"https:\/\/www.mifoto.hu\/beta\/wp-json\/wp\/v2\/users\/1"}],"replies":[{"embeddable":true,"href":"https:\/\/www.mifoto.hu\/beta\/wp-json\/wp\/v2\/comments?post=6818"}],"version-history":[{"count":0,"href":"https:\/\/www.mifoto.hu\/beta\/wp-json\/wp\/v2\/pages\/6818\/revisions"}],"wp:attachment":[{"href":"https:\/\/www.mifoto.hu\/beta\/wp-json\/wp\/v2\/media?parent=6818"}],"curies":[{"name":"wp","href":"https:\/\/api.w.org\/{rel}","templated":true}]}}