{"id":7516,"date":"2024-08-31T13:11:11","date_gmt":"2024-08-31T11:11:11","guid":{"rendered":"https:\/\/mifoto.hu\/beta\/?page_id=7516"},"modified":"2025-08-21T18:50:51","modified_gmt":"2025-08-21T16:50:51","slug":"jelvenyek-plecsnik","status":"publish","type":"page","link":"https:\/\/www.mifoto.hu\/beta\/jelvenyek-plecsnik\/","title":{"rendered":"Jelv\u00e9nyek, plecsnik"},"content":{"rendered":"<input type=\"hidden\" value=\"\" data-essbisPostContainer=\"\" data-essbisPostUrl=\"https:\/\/www.mifoto.hu\/beta\/jelvenyek-plecsnik\/\" data-essbisPostTitle=\"Jelv\u00e9nyek, plecsnik\" data-essbisHoverContainer=\"\">\n<h2 class=\"wp-block-heading has-text-align-center\">Jelv\u00e9nyek, plecsnik<\/h2>\n\n\n\n<p class=\"has-text-align-center has-medium-font-size\">A <strong>motiv\u00e1ci\u00f3 fontos<\/strong>, ez\u00e9rt arra buzd\u00edtunk, hogy min\u00e9l akt\u00edvabb legy\u00e9l a Platformon.<\/p>\n\n\n\n<h4 class=\"wp-block-heading has-text-align-center\"><strong>Mi\u00e9rt gy\u0171jtsd a jelv\u00e9nyeket?<\/strong><\/h4>\n\n\n\n<p>Mert ezek nem csup\u00e1n digit\u00e1lis ikonok. Ezek a <strong>m\u00e9rf\u00f6ldk\u00f6veid<\/strong>, amik a fejl\u0151d\u00e9sedet jelzik. Minden egyes megszerzett Plecsni \/ Jelv\u00e9ny egy <strong>el\u00e9rt c\u00e9l<\/strong>, egy <strong>\u00fajra felfedezett tud\u00e1s<\/strong>, egy <strong>gy\u0151zelem<\/strong>, amit b\u00fcszk\u00e9n mutathatsz meg a t\u00f6bbieknek. Ezek a TE szem\u00e9lyes t\u00f6rt\u00e9neteid, amik a <strong>kitart\u00e1sodr\u00f3l<\/strong>, a <strong>kreativit\u00e1sodr\u00f3l<\/strong> \u00e9s a <strong>digit\u00e1lis m\u0171v\u00e9szet ir\u00e1nti szenved\u00e9lyedr\u0151l <\/strong>tan\u00faskodnak.<\/p>\n\n\n\n<p><\/p>\n\n\n\n<p>K\u00e9pzeld el, ahogy egyre t\u00f6bb jelv\u00e9ny d\u00edsz\u00edti a profilodat. Minden egyes \u00faj kieg\u00e9sz\u00edt\u00e9s egy <strong>felki\u00e1lt\u00f3jel<\/strong>, ami azt mondja: <em>&#8220;L\u00e1tod? Fejl\u0151d\u00f6m! Tanulok! <strong>Alkotok!<\/strong>&#8220;<\/em><\/p>\n\n\n\n<p><strong>\u00c9s mi van m\u00e9g ezen t\u00fal?<\/strong> A jelv\u00e9nyekkel nem csak magadnak bizony\u00edtasz. Ahogy gy\u0171jt\u00f6d \u0151ket, egyre magasabbra jutsz a rangl\u00e9tr\u00e1n, egyre ink\u00e1bb <strong>elismer\u00e9st szerzel<\/strong> a <strong>mifoto.hu<\/strong> k\u00f6z\u00f6ss\u00e9g\u00e9ben. Gondolj bele: a t\u00f6bbi felhaszn\u00e1l\u00f3 l\u00e1tja a kitart\u00e1sodat, a tud\u00e1sodat, a szenved\u00e9lyedet. <strong>Inspir\u00e1lhatod \u0151ket<\/strong>, \u00e9s te is <strong>inspir\u00e1ci\u00f3t mer\u00edthetsz<\/strong> m\u00e1sokt\u00f3l.<\/p>\n\n\n\n<p class=\"has-text-align-center\"><strong><mark style=\"background-color:rgba(0, 0, 0, 0)\" class=\"has-inline-color has-theme-green-color\">Ez a k\u00f6z\u00f6ss\u00e9g ereje! Ez\u00e9rt j\u00f6tt l\u00e9tre a platform.<\/mark><\/strong><\/p>\n\n\n\n<div style=\"height:46px\" aria-hidden=\"true\" class=\"wp-block-spacer\"><\/div>\n\n\n\n<h4 class=\"wp-block-heading\"><em><mark style=\"background-color:rgba(0, 0, 0, 0);color:#2b9155\" class=\"has-inline-color\"><strong>Minden el\u00e9rt teljes\u00edtm\u00e9ny egy visszaigazol\u00e1s <\/strong><\/mark><\/em><\/h4>\n\n\n\n\n\n<hr class=\"wp-block-separator has-alpha-channel-opacity\"\/>\n\n\n\n<div style=\"height:46px\" aria-hidden=\"true\" class=\"wp-block-spacer\"><\/div>\n\n\n\n<div class=\"wp-block-group\"><div class=\"wp-block-group__inner-container is-layout-constrained wp-block-group-is-layout-constrained\">\n<h4 class=\"wp-block-heading\"><em><mark style=\"background-color:rgba(0, 0, 0, 0);color:#2b9155\" class=\"has-inline-color\"><strong>Minden el\u00e9rt szint egy \u00faj \u00e9lm\u00e9ny <\/strong><\/mark><\/em><\/h4>\n\n\n\n\n\n<hr class=\"wp-block-separator has-alpha-channel-opacity\"\/>\n<\/div><\/div>\n\n\n\n<div style=\"height:100px\" aria-hidden=\"true\" class=\"wp-block-spacer\"><\/div>\n\n\n\n<h2 class=\"wp-block-heading\">El\u00e9rt pontjaid sz\u00e1ma<\/h2>\n\n\n\n\n\n<figure class=\"wp-block-table\"><table class=\"has-fixed-layout\"><tbody><tr><td><strong><em>Pont j\u00f3v\u00e1\u00edr\u00e1s:<\/em><\/strong><\/td><td><strong><em>Pont levon\u00e1s:<\/em><\/strong><\/td><\/tr><tr><td>3 pont a regisztr\u00e1ci\u00f3\u00e9rt<\/td><td>-1 pont aktivit\u00e1s ut\u00f3lagos t\u00f6rl\u00e9s\u00e9\u00e9rt<\/td><\/tr><tr><td>2 pont csoport aktivit\u00e1s\u00e9rt<\/td><td>-2 pont csoport aktivit\u00e1s t\u00f6rl\u00e9s\u00e9rt<\/td><\/tr><tr><td>2 pont bar\u00e1t megh\u00edv\u00e1s\u00e9rt<\/td><td>-2 pont bar\u00e1t t\u00f6rl\u00e9s\u00e9\u00e9rt<\/td><\/tr><tr><td>1 pont kommentel\u00e9s cikkhez<\/td><td><\/td><\/tr><tr><td>2 pont bar\u00e1t megh\u00edv\u00e1sa csoportba<\/td><td><\/td><\/tr><tr><td>8 pont az adatlap teljes kit\u00f6lt\u00e9s\u00e9\u00e9rt<\/td><td><\/td><\/tr><tr><td>1 pont napi bejelentkez\u00e9s\u00e9rt<\/td><td><\/td><\/tr><tr><td>3 pont k\u00e9pfelt\u00f6lt\u00e9s\u00e9rt<\/td><td><\/td><\/tr><tr><td>1 pont kommentel\u00e9s aktivit\u00e1shoz<\/td><td>-1 pont kommentel\u00e9s t\u00f6rl\u00e9se aktivit\u00e1sb\u00f3l<\/td><\/tr><\/tbody><\/table><\/figure>\n\n\n\n<div style=\"height:71px\" aria-hidden=\"true\" class=\"wp-block-spacer\"><\/div>\n\n\n\n<h3 class=\"wp-block-heading has-text-align-center\"><em>A k\u00f6vetkez\u0151 jelv\u00e9nyed m\u00e1r v\u00e1r r\u00e1d \u2013 <\/em><strong>szerezd meg mihamarabb!<\/strong><\/h3>\n\n\n\n<p><\/p>\n\n\n\n<p><\/p>\n","protected":false},"excerpt":{"rendered":"<input type=\"hidden\" value=\"\" data-essbisPostContainer=\"\" data-essbisPostUrl=\"https:\/\/www.mifoto.hu\/beta\/jelvenyek-plecsnik\/\" data-essbisPostTitle=\"Jelv\u00e9nyek, plecsnik\" data-essbisHoverContainer=\"\"><p>Jelv\u00e9nyek, plecsnik A motiv\u00e1ci\u00f3 fontos, ez\u00e9rt arra buzd\u00edtunk, hogy min\u00e9l akt\u00edvabb legy\u00e9l a Platformon. Mi\u00e9rt gy\u0171jtsd a jelv\u00e9nyeket? Mert ezek nem csup\u00e1n digit\u00e1lis ikonok. Ezek a m\u00e9rf\u00f6ldk\u00f6veid, amik a fejl\u0151d\u00e9sedet jelzik. Minden egyes megszerzett Plecsni \/ Jelv\u00e9ny egy el\u00e9rt c\u00e9l, egy \u00fajra felfedezett tud\u00e1s, egy gy\u0151zelem, amit b\u00fcszk\u00e9n mutathatsz meg a t\u00f6bbieknek. Ezek a TE&#8230;<\/p>\n","protected":false},"author":1,"featured_media":0,"parent":0,"menu_order":0,"comment_status":"closed","ping_status":"closed","template":"","meta":{"pmpro_default_level":"","footnotes":""},"class_list":["post-7516","page","type-page","status-publish","hentry","pmpro-has-access"],"_links":{"self":[{"href":"https:\/\/www.mifoto.hu\/beta\/wp-json\/wp\/v2\/pages\/7516","targetHints":{"allow":["GET"]}}],"collection":[{"href":"https:\/\/www.mifoto.hu\/beta\/wp-json\/wp\/v2\/pages"}],"about":[{"href":"https:\/\/www.mifoto.hu\/beta\/wp-json\/wp\/v2\/types\/page"}],"author":[{"embeddable":true,"href":"https:\/\/www.mifoto.hu\/beta\/wp-json\/wp\/v2\/users\/1"}],"replies":[{"embeddable":true,"href":"https:\/\/www.mifoto.hu\/beta\/wp-json\/wp\/v2\/comments?post=7516"}],"version-history":[{"count":0,"href":"https:\/\/www.mifoto.hu\/beta\/wp-json\/wp\/v2\/pages\/7516\/revisions"}],"wp:attachment":[{"href":"https:\/\/www.mifoto.hu\/beta\/wp-json\/wp\/v2\/media?parent=7516"}],"curies":[{"name":"wp","href":"https:\/\/api.w.org\/{rel}","templated":true}]}}