{"id":9176,"date":"2025-03-27T20:34:37","date_gmt":"2025-03-27T19:34:37","guid":{"rendered":"https:\/\/mifoto.hu\/beta\/?page_id=9176"},"modified":"2025-03-27T18:57:24","modified_gmt":"2025-03-27T16:57:24","slug":"ai-kepgeneratorok","status":"publish","type":"page","link":"https:\/\/www.mifoto.hu\/beta\/ai-kepgeneratorok\/","title":{"rendered":"AI k\u00e9pgener\u00e1torok"},"content":{"rendered":"<input type=\"hidden\" value=\"\" data-essbisPostContainer=\"\" data-essbisPostUrl=\"https:\/\/www.mifoto.hu\/beta\/ai-kepgeneratorok\/\" data-essbisPostTitle=\"AI k\u00e9pgener\u00e1torok\" data-essbisHoverContainer=\"\">\r\n\r\n\r\n<p>&nbsp;<\/p>\r\n\r\n\r\n\r\n\r\n\r\n\r\n\r\n<p>Biztos Te is l\u00e1tod, ha egy kicsit foglalkoztat e ter\u00fclet, hogy az AI boom-ban megsz\u00e1ml\u00e1lhatatlan mennyis\u00e9g\u0171 platform, applik\u00e1ci\u00f3 van, ami k\u00edn\u00e1l k\u00fcl\u00f6nf\u00e9le tud\u00e1ssal AI k\u00e9pgener\u00e1l\u00e1si lehet\u0151s\u00e9get. A t\u00f6bbs\u00e9g (f\u0151leg a nagyobbak) k\u00edn\u00e1lnak ingyenes, de korl\u00e1tozott tud\u00e1ssal b\u00edr\u00f3 indul\u00f3 csomagot is, ami pont arra el\u00e9g, hogy eld\u00f6ntsd az kell -e neked, vagy egy m\u00e1sik. A kisebbek &#8211; \u00e9s p\u00e1r elsz\u00e1llt v\u00edzi\u00f3val b\u00edr\u00f3 szolg\u00e1ltat\u00f3 &#8211; r\u00f6gt\u00f6n k\u00e9ri a bankk\u00e1rtya adataidat a regisztr\u00e1l\u00e1sn\u00e1l. Illetve gyakran tal\u00e1lkozhatsz azzal a t\u00e9nnyel is, hogy prom\u00f3ban ingyenesk\u00e9nt jel\u00f6li meg mag\u00e1t, de kider\u00fcl, hogy napi korl\u00e1tba \u00fctk\u00f6z\u00f6l (\u00e1ltal\u00e1ban 10-20 fot\u00f3t jelent ez, lass\u00fa gener\u00e1l\u00e1ssal \/ vagyis Te ingyenesk\u00e9nt a sor v\u00e9g\u00e9re ker\u00fclsz a gener\u00e1l\u00e1si list\u00e1n). Ett\u0151l m\u00e9g lehet j\u00f3, mindenki d\u00f6nts\u00f6n bel\u00e1t\u00e1sa szerint. <br \/>Ezzel a t\u00e1bl\u00e1zattal is szeretn\u00e9k seg\u00edteni neked a jobb \u00e1tl\u00e1that\u00f3s\u00e1gban.<\/p>\r\n\r\n\r\n\r\n<p>\u00d6sszeszedtem neked a legjobbakat (amit a legt\u00f6bben haszn\u00e1lnak \u00e9s a legt\u00f6bb funkci\u00f3val b\u00edr), illetve p\u00e1r olcs\u00f3bb \u00e9s egyszer\u0171bb v\u00e1ltozatot is.<\/p>\r\n\r\n\r\n\r\n<h3 class=\"wp-block-heading\"><strong>A legjobb k\u00e9pgener\u00e1torok<\/strong><\/h3>\r\n\r\n\r\n\r\n<p>&nbsp;<\/p>\r\n\r\n\r\n\r\n<div class=\"wp-block-columns is-layout-flex wp-container-core-columns-is-layout-9d6595d7 wp-block-columns-is-layout-flex\">\r\n<div class=\"wp-block-column is-layout-flow wp-block-column-is-layout-flow\" style=\"flex-basis: 100%;\">\r\n<figure class=\"wp-block-table\">\r\n<table class=\"has-fixed-layout\">\r\n<thead>\r\n<tr>\r\n<th>N\u00e9v<\/th>\r\n<th class=\"has-text-align-center\" data-align=\"center\">Weboldal<\/th>\r\n<th>El\u0151ny\u00f6k<\/th>\r\n<\/tr>\r\n<\/thead>\r\n<tbody>\r\n<tr>\r\n<td><strong>DALL\u00b7E 3<\/strong><\/td>\r\n<td class=\"has-text-align-center\" data-align=\"center\"><strong><a href=\"https:\/\/openai.com\/dall-e\" target=\"_blank\" rel=\"noopener\">openai.com\/dall-e<\/a> <\/strong><\/td>\r\n<td>Sz\u00f6veges le\u00edr\u00e1sok alapj\u00e1n k\u00e9pes r\u00e9szletes \u00e9s kreat\u00edv k\u00e9peket gener\u00e1lni.<\/td>\r\n<\/tr>\r\n<tr>\r\n<td><strong>Midjourney<\/strong><\/td>\r\n<td class=\"has-text-align-center\" data-align=\"center\"><strong><a href=\"https:\/\/www.midjourney.com\/\" target=\"_blank\" rel=\"noopener\">midjourney.com<\/a> <\/strong><\/td>\r\n<td>Kiv\u00e1l\u00f3 min\u0151s\u00e9g\u0171 \u00e9s m\u0171v\u00e9szi st\u00edlus\u00fa k\u00e9peket hoz l\u00e9tre sz\u00f6veges promptok alapj\u00e1n.<\/td>\r\n<\/tr>\r\n<tr>\r\n<td><strong>Stable Diffusion XL<\/strong><\/td>\r\n<td class=\"has-text-align-center\" data-align=\"center\"><strong><a href=\"https:\/\/stability.ai\/\" target=\"_blank\" rel=\"noopener\">stability.ai<\/a> <\/strong><\/td>\r\n<td>Ny\u00edlt forr\u00e1sk\u00f3d\u00fa modell, amely lehet\u0151v\u00e9 teszi a felhaszn\u00e1l\u00f3k sz\u00e1m\u00e1ra, hogy saj\u00e1t rendszereiken futtass\u00e1k a k\u00e9pgener\u00e1l\u00e1st.<\/td>\r\n<\/tr>\r\n<tr>\r\n<td><strong>Artguru AI<\/strong><\/td>\r\n<td class=\"has-text-align-center\" data-align=\"center\"><strong><a href=\"https:\/\/artguru.ai\/\" target=\"_blank\" rel=\"noopener\">artguru.ai<\/a> <\/strong><\/td>\r\n<td>Sz\u00f6veges le\u00edr\u00e1sok alapj\u00e1n st\u00edlusos k\u00e9peket gener\u00e1l.<\/td>\r\n<\/tr>\r\n<tr>\r\n<td><strong>Simplified<\/strong><\/td>\r\n<td class=\"has-text-align-center\" data-align=\"center\"><strong><a href=\"https:\/\/simplified.com\/\" target=\"_blank\" rel=\"noopener\">simplified.com<\/a> <\/strong><\/td>\r\n<td>Minden-egyben AI alap\u00fa tartalomk\u00e9sz\u00edt\u0151 eszk\u00f6z, amely k\u00e9pgener\u00e1l\u00e1st, sz\u00f6veg\u00edr\u00e1st \u00e9s k\u00f6z\u00f6ss\u00e9gi m\u00e9dia kezel\u00e9st k\u00edn\u00e1l.<\/td>\r\n<\/tr>\r\n<tr>\r\n<td><strong>StarryAI<\/strong><\/td>\r\n<td class=\"has-text-align-center\" data-align=\"center\"><strong><a href=\"https:\/\/starryai.com\/\" target=\"_blank\" rel=\"noopener\">starryai.com<\/a> <\/strong><\/td>\r\n<td>Sz\u00f6veges le\u00edr\u00e1sok alapj\u00e1n leny\u0171g\u00f6z\u0151 m\u0171v\u00e9szeti alkot\u00e1sokat k\u00e9sz\u00edt.<\/td>\r\n<\/tr>\r\n<tr>\r\n<td><strong>Hotpot.ai<\/strong><\/td>\r\n<td class=\"has-text-align-center\" data-align=\"center\"><strong><a href=\"https:\/\/hotpot.ai\/\" target=\"_blank\" rel=\"noopener\">hotpot.ai<\/a> <\/strong><\/td>\r\n<td>Generat\u00edv AI eszk\u00f6z\u00f6k gy\u0171jtem\u00e9nye, amelyek seg\u00edts\u00e9g\u00e9vel mesterm\u0171veket alkothatsz.<\/td>\r\n<\/tr>\r\n<tr>\r\n<td><strong>Leonardo AI<\/strong><\/td>\r\n<td class=\"has-text-align-center\" data-align=\"center\"><strong><a href=\"https:\/\/leonardo.ai\/\" target=\"_blank\" rel=\"noopener\">leonardo.ai<\/a> <\/strong><\/td>\r\n<td>Stable Diffusion alap\u00fa sz\u00f6veg-alap\u00fa k\u00e9pgener\u00e1l\u00f3 technol\u00f3gia, amely sz\u00e1mos el\u0151re betan\u00edtott k\u00e9pmodellt k\u00edn\u00e1l.<\/td>\r\n<\/tr>\r\n<tr>\r\n<td><strong>Craiyon<\/strong><\/td>\r\n<td class=\"has-text-align-center\" data-align=\"center\"><strong><a href=\"https:\/\/www.craiyon.com\/\" target=\"_blank\" rel=\"noopener\">craiyon.com<\/a> <\/strong><\/td>\r\n<td>Sz\u00f6veges le\u00edr\u00e1sok alapj\u00e1n k\u00e9peket gener\u00e1l, kev\u00e9sb\u00e9 er\u0151teljes, mint a DALL\u00b7E, de m\u00e9gis sz\u00e9p eredm\u00e9nyeket ad.<\/td>\r\n<\/tr>\r\n<tr>\r\n<td><strong>Imagine AI<\/strong><\/td>\r\n<td class=\"has-text-align-center\" data-align=\"center\"><strong><a href=\"https:\/\/imagine.art\/\" target=\"_blank\" rel=\"noopener\">imagine.art<\/a> <\/strong><\/td>\r\n<td>R\u00e9szletes \u00e9s magas min\u0151s\u00e9g\u0171 k\u00e9peket gener\u00e1l, amelyek t\u00fckr\u00f6zik a sz\u00f6veges le\u00edr\u00e1sok kontextus\u00e1t \u00e9s m\u0171v\u00e9szi l\u00e1t\u00e1sm\u00f3dj\u00e1t.<\/td>\r\n<\/tr>\r\n<tr>\r\n<td><strong>Wombo Dream<\/strong><\/td>\r\n<td class=\"has-text-align-center\" data-align=\"center\"><strong><a href=\"https:\/\/dream.ai\/\" target=\"_blank\" rel=\"noopener\">dream.ai<\/a> <\/strong><\/td>\r\n<td>Sz\u00f6veges le\u00edr\u00e1sok alapj\u00e1n \u00e1lomszer\u0171 \u00e9s sz\u00fcrre\u00e1lis k\u00e9peket k\u00e9sz\u00edt k\u00fcl\u00f6nb\u00f6z\u0151 st\u00edlusokban.<\/td>\r\n<\/tr>\r\n<tr>\r\n<td><strong>NightCafe Studio<\/strong><\/td>\r\n<td class=\"has-text-align-center\" data-align=\"center\"><strong><a href=\"https:\/\/creator.nightcafe.studio\/\" target=\"_blank\" rel=\"noopener\">nightcafe.studio<\/a> <\/strong><\/td>\r\n<td>T\u00f6bb AI modellt haszn\u00e1l, bele\u00e9rtve a VQGAN+CLIP-et, a DALL-E 2-t \u00e9s a Stable Diffusiont, amelyekkel sz\u00e1mos st\u00edlusban k\u00e9pes k\u00e9peket gener\u00e1lni.<\/td>\r\n<\/tr>\r\n<tr>\r\n<td><strong>Playground AI<\/strong><\/td>\r\n<td class=\"has-text-align-center\" data-align=\"center\"><strong><a href=\"https:\/\/playgroundai.com\/\" target=\"_blank\" rel=\"noopener\">playgroundai.com<\/a> <\/strong><\/td>\r\n<td>AI seg\u00edts\u00e9g\u00e9vel egyedi k\u00e9pek, k\u00f6z\u00f6ss\u00e9gi m\u00e9dia bejegyz\u00e9sek, prezent\u00e1ci\u00f3k, plak\u00e1tok, log\u00f3k \u00e9s egy\u00e9b tartalmak gener\u00e1l\u00e1sa.<\/td>\r\n<\/tr>\r\n<tr>\r\n<td><strong>BlueWillow<\/strong><\/td>\r\n<td class=\"has-text-align-center\" data-align=\"center\"><strong><a href=\"https:\/\/bluewillow.ai\/\" target=\"_blank\" rel=\"noopener\">bluewillow.ai<\/a> <\/strong><\/td>\r\n<td>Csak k\u00fcldj\u00f6n egy le\u00edr\u00e1st, \u00e9s a mesters\u00e9ges intelligencia elk\u00e9sz\u00edti a k\u00e9pet.<\/td>\r\n<\/tr>\r\n<tr>\r\n<td><strong>Canva AI<\/strong><\/td>\r\n<td class=\"has-text-align-center\" data-align=\"center\"><a href=\"https:\/\/www.canva.com\/hu_hu\/help\/ai-image-generation-apps\/\" target=\"_blank\" rel=\"noopener\"><strong>canva.com<\/strong><\/a><\/td>\r\n<td>Integr\u00e1lt AI-k\u00e9pgener\u00e1l\u00f3 alkalmaz\u00e1sok, mint a Magic Media, DALL\u00b7E by Open AI \u00e9s Imagen by Google Cloud, amelyekkel k\u00f6nnyed\u00e9n hozhatunk l\u00e9tre egyedi k\u00e9peket a Canva platformj\u00e1n bel\u00fcl.<\/td>\r\n<\/tr>\r\n<tr>\r\n<td><strong>Microsoft Designer<\/strong><\/td>\r\n<td class=\"has-text-align-center\" data-align=\"center\"><a href=\"https:\/\/create.microsoft.com\/hu-hu\/features\/ai-image-generator\" target=\"_blank\" rel=\"noopener\"><strong>create.microsoft.com<\/strong><\/a><\/td>\r\n<td>A DALL\u00b7E 3 modellt haszn\u00e1lja, amely r\u00e9szletes \u00e9s pontos k\u00e9peket gener\u00e1l sz\u00f6veges le\u00edr\u00e1sok alapj\u00e1n. Egyszer\u0171en haszn\u00e1lhat\u00f3, \u00e9s integr\u00e1lhat\u00f3 m\u00e1s Microsoft alkalmaz\u00e1sokkal.<\/td>\r\n<\/tr>\r\n<tr>\r\n<td><strong>Adobe Firefly<\/strong><\/td>\r\n<td class=\"has-text-align-center\" data-align=\"center\"><a href=\"https:\/\/www.adobe.com\/products\/firefly.html\" target=\"_blank\" rel=\"noreferrer noopener\"><strong>adobe.com\/products\/firefly.html<\/strong><\/a><\/td>\r\n<td>Nagyon sok be\u00e1ll\u00edt\u00e1si lehet\u0151s\u00e9g \u00e9s egy\u00e9b Adobe term\u00e9kekkel is j\u00f3l egy\u00fctt tud dolgozni.<\/td>\r\n<\/tr>\r\n<tr>\r\n<td><strong>Freepik AI<\/strong><\/td>\r\n<td class=\"has-text-align-center\" data-align=\"center\"><strong><a href=\"https:\/\/www.freepik.com\/ai\" data-type=\"link\" data-id=\"https:\/\/www.freepik.com\/ai\" target=\"_blank\" rel=\"noopener\">freepik.com\/ai<\/a><\/strong><\/td>\r\n<td>AI seg\u00edts\u00e9g\u00e9vel k\u00e9peket \u00e9s vide\u00f3kat gener\u00e1l, sz\u00e9lesk\u00f6r\u0171 testreszab\u00e1si lehet\u0151s\u00e9gekkel.<\/td>\r\n<\/tr>\r\n<\/tbody>\r\n<\/table>\r\n<\/figure>\r\n<\/div>\r\n<\/div>\r\n\r\n\r\n\r\n<p>&nbsp;<\/p>\r\n\r\n\r\n\r\n<div class=\"wp-block-columns is-layout-flex wp-container-core-columns-is-layout-9d6595d7 wp-block-columns-is-layout-flex\">\r\n<div class=\"wp-block-column is-layout-flow wp-block-column-is-layout-flow\" style=\"flex-basis: 100%;\"><hr class=\"wp-block-separator has-alpha-channel-opacity\" \/><\/div>\r\n<\/div>\r\n\r\n\r\n\r\n<h3 class=\"wp-block-heading\"><strong>Egy\u00e9b kev\u00e9sb\u00e9 ismert, egyszer\u0171bb k\u00e9pgener\u00e1torok:<\/strong><\/h3>\r\n\r\n\r\n\r\n<p>&nbsp;<\/p>\r\n\r\n\r\n\r\n<p>&nbsp;<\/p>\r\n\r\n\r\n\r\n<p>&nbsp;<\/p>\r\n\r\n\r\n\r\n<figure class=\"wp-block-table\">\r\n<table class=\"has-fixed-layout\">\r\n<thead>\r\n<tr>\r\n<th><strong>N\u00e9v<\/strong><\/th>\r\n<th class=\"has-text-align-center\" data-align=\"center\"><strong>Weboldal<\/strong><\/th>\r\n<th><strong>El\u0151ny\u00f6k<\/strong><\/th>\r\n<\/tr>\r\n<\/thead>\r\n<tbody>\r\n<tr>\r\n<td><strong>Getimg.ai<\/strong><\/td>\r\n<td class=\"has-text-align-center\" data-align=\"center\"><a href=\"https:\/\/getimg.ai\/\" target=\"_blank\" rel=\"noopener\"><strong>getimg.ai<\/strong><\/a><\/td>\r\n<td>T\u00f6bb mint 80 AI-modellt k\u00edn\u00e1l k\u00fcl\u00f6nb\u00f6z\u0151 st\u00edlusokhoz, lehet\u0151s\u00e9get biztos\u00edt egyedi AI-modellek l\u00e9trehoz\u00e1s\u00e1ra, \u00e9s havi 100 ingyenes k\u00e9pgener\u00e1l\u00e1st tesz lehet\u0151v\u00e9.<\/td>\r\n<\/tr>\r\n<tr>\r\n<td><strong>OpenArt<\/strong><\/td>\r\n<td class=\"has-text-align-center\" data-align=\"center\"><strong><a href=\"https:\/\/openart.ai\/\" data-type=\"link\" data-id=\"https:\/\/openart.ai\/\" target=\"_blank\" rel=\"noopener\">openart.ai<\/a><\/strong><\/td>\r\n<td>Lehet\u0151v\u00e9 teszi AI \u00e1ltal gener\u00e1lt m\u0171v\u00e9szeti alkot\u00e1sok felfedez\u00e9s\u00e9t \u00e9s l\u00e9trehoz\u00e1s\u00e1t, k\u00fcl\u00f6nb\u00f6z\u0151 st\u00edlusokban \u00e9s t\u00e9m\u00e1kban.<\/td>\r\n<\/tr>\r\n<tr>\r\n<td><strong>All Images AI<\/strong><\/td>\r\n<td class=\"has-text-align-center\" data-align=\"center\"><a href=\"https:\/\/all-images.ai\/hu\/egyedi-kepek\/\" target=\"_blank\" rel=\"noopener\"><strong>all-images.ai<\/strong><\/a><\/td>\r\n<td>Le\u00edr\u00f3 sz\u00f6vegekb\u0151l egyedi vizu\u00e1lis elemeket hoz l\u00e9tre, lehet\u0151s\u00e9get biztos\u00edtva a k\u00e9pek testreszab\u00e1s\u00e1ra \u00e9s m\u00e1rk\u00e1hoz igaz\u00edt\u00e1s\u00e1ra.<\/td>\r\n<\/tr>\r\n<tr>\r\n<td><strong>Bing Designer<\/strong><\/td>\r\n<td class=\"has-text-align-center\" data-align=\"center\"><strong><a href=\"https:\/\/www.bing.com\/create\" data-type=\"link\" data-id=\"https:\/\/www.bing.com\/create\" target=\"_blank\" rel=\"noopener\">bing.com\/create<\/a><\/strong><\/td>\r\n<td>Az OpenAI ChatGPT integr\u00e1lt DALL\u00b7E funkci\u00f3j\u00e1val sz\u00f6veges promptok alapj\u00e1n k\u00e9peket gener\u00e1lhat.<\/td>\r\n<\/tr>\r\n<tr>\r\n<td><strong>Mage ai<\/strong><\/td>\r\n<td class=\"has-text-align-center\" data-align=\"center\"><a href=\"https:\/\/www.mage.space\/\" target=\"_blank\" rel=\"noreferrer noopener\"><strong>mage.space<\/strong><\/a><\/td>\r\n<td>A kezel\u0151fel\u00fclete j\u00f3l \u00e1tl\u00e1that\u00f3, ingyenes verzi\u00f3ban korl\u00e1tozott modelleket tudsz haszn\u00e1lni, viszont, ha el\u0151fizetsz kit\u00e1rul el\u0151tted a vil\u00e1g, sz\u00e1mos modellt \u00e9s be\u00e1ll\u00edt\u00e1st vari\u00e1lgathatsz kedvedre.<\/td>\r\n<\/tr>\r\n<tr>\r\n<td><strong>Reve ai<\/strong><\/td>\r\n<td class=\"has-text-align-center\" data-align=\"center\"><strong><a href=\"https:\/\/preview.reve.art\/app\" target=\"_blank\" rel=\"noreferrer noopener\" data-type=\"link\" data-id=\"https:\/\/preview.reve.art\/app\">preview.reve.art\/app<\/a><\/strong><\/td>\r\n<td>Ezt b\u00e1tran aj\u00e1nlom kezd\u0151knek, mert a fel\u00fclete abszol\u00fat minim\u00e1l, j\u00f3l \u00e1tl\u00e1that\u00f3, p\u00e1r be\u00e1ll\u00edt\u00e1s kell csak megadni a gener\u00e1l\u00e1shoz. Itt is van napi limit az ingyenesben.<\/td>\r\n<\/tr>\r\n<\/tbody>\r\n<\/table>\r\n<\/figure>\r\n\r\n\r\n\r\n<p>Mivel folyamatosan v\u00e1ltozik a piac, ez\u00e9rt igyeksz\u00fcnk l\u00e9p\u00e9st tartani \u00e9s friss\u00edteni a t\u00e1bl\u00e1zatot.<\/p>\r\n\r\n\r\n\r\n<p><strong><mark class=\"has-inline-color\" style=\"background-color: rgba(0, 0, 0, 0); color: #128f46;\">Ha Te is ismersz olyat, ami neked bev\u00e1lt, szereted \u00e9s itt nincs, k\u00e9rlek k\u00fcldd el az info @mifoto.hu c\u00edmre a t\u00e1bl\u00e1zat alapj\u00e1n.<\/mark><\/strong><\/p>\r\n\r\n\r\n\r\n<p>K\u00f6sz\u00f6nj\u00fck.<\/p>\r\n\r\n\r\n\r\n<p>&nbsp;<\/p>\r\n\r\n\r\n\r\n<p><strong><em>\/\/\/ Ha m\u00e9g mindig maradt benned k\u00e9rd\u00e9s, \u00edrd meg kommentben.<\/em><\/strong><\/p>\r\n\r\n\r\n\r\n<p>&nbsp;<\/p>\r\n","protected":false},"excerpt":{"rendered":"<input type=\"hidden\" value=\"\" data-essbisPostContainer=\"\" data-essbisPostUrl=\"https:\/\/www.mifoto.hu\/beta\/ai-kepgeneratorok\/\" data-essbisPostTitle=\"AI k\u00e9pgener\u00e1torok\" data-essbisHoverContainer=\"\"><p>&nbsp; Biztos Te is l\u00e1tod, ha egy kicsit foglalkoztat e ter\u00fclet, hogy az AI boom-ban megsz\u00e1ml\u00e1lhatatlan mennyis\u00e9g\u0171 platform, applik\u00e1ci\u00f3 van, ami k\u00edn\u00e1l k\u00fcl\u00f6nf\u00e9le tud\u00e1ssal AI k\u00e9pgener\u00e1l\u00e1si lehet\u0151s\u00e9get. A t\u00f6bbs\u00e9g (f\u0151leg a nagyobbak) k\u00edn\u00e1lnak ingyenes, de korl\u00e1tozott tud\u00e1ssal b\u00edr\u00f3 indul\u00f3 csomagot is, ami pont arra el\u00e9g, hogy eld\u00f6ntsd az kell -e neked, vagy egy m\u00e1sik. A&#8230;<\/p>\n","protected":false},"author":1,"featured_media":9186,"parent":0,"menu_order":0,"comment_status":"open","ping_status":"closed","template":"","meta":{"pmpro_default_level":"","footnotes":""},"class_list":["post-9176","page","type-page","status-publish","has-post-thumbnail","hentry","pmpro-has-access"],"_links":{"self":[{"href":"https:\/\/www.mifoto.hu\/beta\/wp-json\/wp\/v2\/pages\/9176","targetHints":{"allow":["GET"]}}],"collection":[{"href":"https:\/\/www.mifoto.hu\/beta\/wp-json\/wp\/v2\/pages"}],"about":[{"href":"https:\/\/www.mifoto.hu\/beta\/wp-json\/wp\/v2\/types\/page"}],"author":[{"embeddable":true,"href":"https:\/\/www.mifoto.hu\/beta\/wp-json\/wp\/v2\/users\/1"}],"replies":[{"embeddable":true,"href":"https:\/\/www.mifoto.hu\/beta\/wp-json\/wp\/v2\/comments?post=9176"}],"version-history":[{"count":0,"href":"https:\/\/www.mifoto.hu\/beta\/wp-json\/wp\/v2\/pages\/9176\/revisions"}],"wp:featuredmedia":[{"embeddable":true,"href":"https:\/\/www.mifoto.hu\/beta\/wp-json\/wp\/v2\/media\/9186"}],"wp:attachment":[{"href":"https:\/\/www.mifoto.hu\/beta\/wp-json\/wp\/v2\/media?parent=9176"}],"curies":[{"name":"wp","href":"https:\/\/api.w.org\/{rel}","templated":true}]}}