{"id":9658,"date":"2026-03-05T12:08:57","date_gmt":"2026-03-05T11:08:57","guid":{"rendered":"https:\/\/mifoto.hu\/beta\/?page_id=9658"},"modified":"2026-04-01T21:21:54","modified_gmt":"2026-04-01T19:21:54","slug":"ujdonsagok","status":"publish","type":"page","link":"https:\/\/www.mifoto.hu\/beta\/ujdonsagok\/","title":{"rendered":"\u00dajdons\u00e1gok"},"content":{"rendered":"<input type=\"hidden\" value=\"\" data-essbisPostContainer=\"\" data-essbisPostUrl=\"https:\/\/www.mifoto.hu\/beta\/ujdonsagok\/\" data-essbisPostTitle=\"\u00dajdons\u00e1gok\" data-essbisHoverContainer=\"\"><h2 class=\"wp-block-heading\"><mark class=\"has-inline-color\" style=\"background-color: rgba(0, 0, 0, 0); color: #cd3525;\">\u00dajdons\u00e1gok<\/mark><\/h2>\r\n<p>&nbsp;<\/p>\r\n<p>A jobb \u00e1tl\u00e1that\u00f3s\u00e1g \u00e9rdek\u00e9ben hoztuk l\u00e9tre ezt az oldalt, ahol nyomon tudod k\u00f6vetni a k\u00f6z\u00f6ss\u00e9gi platformon megjelen\u0151 \u00fajdons\u00e1gokat, \u00faj funkci\u00f3kat. Sz\u00e1munkra fontos az inform\u00e1l\u00e1s, hogy tudd pontosan milyen fontosabb m\u00f3dos\u00edt\u00e1sok, \u00faj\u00edt\u00e1sok zajlanak a h\u00e1tt\u00e9rben, ami nem mindig l\u00e1tv\u00e1nyos, de minden esetben hasznos a platform eg\u00e9sz\u00e9re n\u00e9zve.<\/p>\r\n<p>&nbsp;<\/p>\r\n<h3>M\u00e1rcius<\/h3>\r\n<ul>\r\n<li>Elind\u00edtottuk a c\u00e9ges <strong><em><span style=\"text-decoration: underline;\"><a href=\"https:\/\/www.mifoto.hu\/partnerprogram\/\" target=\"_blank\" rel=\"noopener\">partnerprogramot<\/a><\/span><\/em><\/strong>, \u00e9s vele egy\u00fctt a <strong><em><span style=\"text-decoration: underline;\"><a href=\"https:\/\/www.mifoto.hu\/kuponok\/\" target=\"_blank\" rel=\"noopener\">kupon oldalt<\/a><\/span><\/em><\/strong> is (tagoknak). Folyamatosan keress\u00fck az \u00faj partnereket, akikn\u00e9l a nehezen megszerzett pontjaidat tudod \u00e9rt\u00e9kes kedvezm\u00e9nyre v\u00e1ltani.\u00a0\u00a0<\/li>\r\n<li><strong>Aktivit\u00e1s box:<\/strong> Az adatlapodon m\u00e1r nyomon tudod k\u00f6vetni, hogy \u00e9ppen mennyi pontod van, \u00e9s m\u00e9g mennyi kell a k\u00f6vetkez\u0151 szintig. Aktivit\u00e1soddal n\u00f6velheted a pontok sz\u00e1m\u00e1t, amit majd be tudsz v\u00e1ltani \u00e9rt\u00e9kes szolg\u00e1ltat\u00e1sokra.<\/li>\r\n<li><strong>\u00daj funkci\u00f3 Prompt-remix<\/strong> : Egy igaz\u00e1n fullos feature, amivel 1 k\u00e9pr\u0151l, 1 prompb\u00f3l t\u00f6bb v\u00e1ltozat is k\u00e9sz\u00fcl \u00e1ltalatok. Kim\u00e1solod a promptot, r\u00e1nyomsz a REMIXELEM gombra \u00e9s 2 \u00f3r\u00e1n bel\u00fcl fel kell t\u00f6lteni az \u00faj gener\u00e1lt k\u00e9pet. \u00cdgy elindul egy l\u00e1nc, egy tov\u00e1bbgondol\u00e1s, vagy \u00e9pp \u00fajratervez\u00e9s 1 k\u00e9pr\u0151l. Az eredeti felt\u00f6lt\u0151 pedig l\u00e1tja, hogy kik k\u00e9sz\u00edtettek bel\u0151le v\u00e1ltozatokat.<br \/><a href=\"https:\/\/www.mifoto.hu\/2026\/02\/ruzs-es-feher-fogak-brandphoto\/#\"><span style=\"text-decoration: underline;\"><em><strong>Itt l\u00e1thatsz egy p\u00e9ld\u00e1t<\/strong><\/em><\/span><\/a> (bejelentkezve).<\/li>\r\n<li>Pontgy\u0171jt\u00e9s prompt m\u00e1sol\u00e1s\u00e9rt: minden tag, akinek a promptj\u00e1t kim\u00e1solj\u00e1k pontot kap (egyfajta elismer\u00e9s) 1x ugyanazon tagt\u00f3l. Duplik\u00e1l\u00e1sra, t\u00f6meges pontgy\u0171jt\u00e9sre nincs lehet\u0151s\u00e9g, ezt a rendszer figyeli. \ud83d\ude09\u00a0\u00a0<\/li>\r\n<li>Elk\u00e9sz\u00edtett\u00fck a <strong>portf\u00f3li\u00f3<\/strong> funkci\u00f3t is ( ez a saj\u00e1t felt\u00f6lt\u00f6tt fot\u00f3idb\u00f3l k\u00e9sz\u00edt egy k\u00fcl\u00f6n men\u00fcpontot az adatlapodon ), aminek seg\u00edts\u00e9g\u00e9vel sz\u00e9pen, egys\u00e9gesen, Pinterest st\u00edlusban tudod megmutatni b\u00e1rkinek az AI alkot\u00e1saidat, \u00f6sszegy\u0171jtve egy helyen, nem szanasz\u00e9t a neten.\u00a0<\/li>\r\n<li>Elind\u00edtottuk a <a href=\"https:\/\/www.mifoto.hu\/teszt\/\" target=\"_blank\" rel=\"noopener\"><span style=\"text-decoration: underline;\"><strong>TESZT<\/strong><\/span><\/a> rovatunkat, ahol k\u00fcl\u00f6nf\u00e9le k\u00e9pgener\u00e1torokat, modelleket, aggreg\u00e1tor platformokat tesztel\u00fcnk<\/li>\r\n<li><strong>&#8220;V\u00e9lem\u00e9nyt k\u00e9rek&#8221;<\/strong>: k\u00e9pfelt\u00f6lt\u00e9sn\u00e9l v\u00e1laszthatod ezt a kateg\u00f3ri\u00e1t is, \u00edgy tagjainkt\u00f3l \u00e9rt\u00e9kes gondolatokat kaphatsz a k\u00e9pedre. S\u0151t, ak\u00e1r vegy\u00edtheted is a <strong>Prompt remix<\/strong>-el, \u00edgy egyszerre k\u00e9t opci\u00f3t is ig\u00e9nybe vehetsz 1 felt\u00f6lt\u00e9ssel.<\/li>\r\n<\/ul>\r\n<h2>Febru\u00e1r<\/h2>\r\n<ul>\r\n<li>K\u00e9sz\u00edtett\u00fcnk egy PRO boxot, \u00e9s egy PRO tagok munk\u00e1i dobozt az oldals\u00e1vban, \u00edgy biztos\u00edtva a plusz figyelmet kiemelt tagjainknak.\u00a0<\/li>\r\n<li>Bevezett\u00fck a &#8220;<strong>felolvas\u00e1s<\/strong>&#8221; funkci\u00f3t, amit n\u00e9h\u00e1ny cikk\u00fcnkn\u00e9l el\u00e9rhet\u0151v\u00e9 tett\u00fcnk, ezt egy kis ikonnal jelezz\u00fck a lista oldalon.\u00a0<\/li>\r\n<li><strong>M\u00f3dos\u00edtottuk a k\u00e9pfelt\u00f6lt\u00e9si \u00e9rt\u00e9keket.<\/strong> A PRO csomagban emelt\u00fck a havi limitet, m\u00edg a FREE csomagban maximaliz\u00e1ltuk napi 1 k\u00e9pfelt\u00f6lt\u00e9sre. Ezekkel a m\u00f3dos\u00edt\u00e1sokkal egyr\u00e9szt a szerver terhel\u00e9st, m\u00e1sr\u00e9szt a t\u00e1rhely kapacit\u00e1st szeretn\u00e9nk optimaliz\u00e1lni, m\u00edg a PRO tagoknak m\u00e9g nagyobb teret adva a kiteljes\u00fcl\u00e9sre.\u00a0<\/li>\r\n<\/ul>\r\n<h2>Janu\u00e1r<\/h2>\r\n<ul>\r\n<li><strong>&#8220;R\u00f6vidh\u00edrek box&#8221;<\/strong> az oldal tetej\u00e9n \u00e9s a jobb oldalon is el\u00e9rhet\u0151 inf\u00f3box, mindig friss ai h\u00edrekkel.<br \/>Ez az \u00faj\u00edt\u00e1s azt jelenti, hogy a ropog\u00f3san friss ai-val kapcsolatos h\u00edreket r\u00f6viden \u00f6sszefoglalva olvashatod el oldalunkon, nem kell keresg\u00e9lni a neten, \u00e9s meg is oszthatod ismer\u0151seiddel, bar\u00e1taiddal.\u00a0<\/li>\r\n<\/ul>\r\n<p>&nbsp;<\/p>\r\n<hr \/><!-- \/wp:post-content -->\r\n<h2 style=\"text-align: center;\">2025.<\/h2>\r\n<h2>December<\/h2>\r\n<ul>\r\n<li>Prompt Labor sorozat: azonos prompt alapj\u00e1n tesztel\u00fcnk k\u00fcl\u00f6nf\u00e9le k\u00e9pgener\u00e1torokat<\/li>\r\n<li>N\u00e9h\u00e1ny apr\u00f3 stilisztikai m\u00f3dos\u00edt\u00e1s, jav\u00edt\u00e1s, b\u0151v\u00edt\u00e9s<\/li>\r\n<li>Oldal bet\u00f6lt\u00e9s gyors\u00edt\u00e1sa<\/li>\r\n<\/ul>\r\n<h2>November<\/h2>\r\n<ul>\r\n<li><em><strong>Teljes meg\u00fajul\u00e1s designban \u00e9s funkcionalit\u00e1sban is !<\/strong> <\/em>\/ felsorolni is neh\u00e9z<\/li>\r\n<li>\u00daj funkci\u00f3k, \u00faj k\u00e9pfelt\u00f6lt\u00e9si rendszer<\/li>\r\n<li>Gamifik\u00e1ci\u00f3 \u00e1tdolgoz\u00e1sa (nincsenek jelv\u00e9nyek csak pontok)<\/li>\r\n<li>A r\u00e9gi k\u00e9pgal\u00e9ria 2025.12.31-ig akt\u00edv, ezt k\u00f6vet\u0151en t\u00f6rl\u0151dnek a r\u00e9gi k\u00e9pek.<\/li>\r\n<li>M\u00f3dos\u00edtott \u00c1SZF, a 6 h\u00f3napja inakt\u00edv tagokat 1 figyelmeztet\u00e9s ut\u00e1n t\u00f6r\u00f6lj\u00fck a rendszerb\u0151l<\/li>\r\n<li>TOP 5 \u00e9s kiemelt user az oldals\u00e1vban (aki nagyon akt\u00edv kiker\u00fclhet oda &#8211; rajtad m\u00falik) \ud83d\ude09<\/li>\r\n<li>M\u00e9g t\u00f6bb cikk, digit\u00e1lis m\u0171v\u00e9szeti h\u00edr, szavaz\u00e1s lesz<\/li>\r\n<\/ul>\r\n<ul class=\"wp-block-list\"><!-- \/wp:list-item -->\r\n\r\n<!-- wp:list-item -->\r\n<li>\u00daj, kedvezm\u00e9nyes csomagok: <a href=\"https:\/\/mifoto.hu\/beta\/csomagok\/\" target=\"_blank\" rel=\"noreferrer noopener\" data-type=\"link\" data-id=\"https:\/\/mifoto.hu\/beta\/csomagok\/\"><strong>LINK<\/strong><\/a><\/li>\r\n<\/ul>\r\n<p>&nbsp;<\/p>\r\n<h2 class=\"wp-block-heading\">Okt\u00f3ber<\/h2>\r\n<p><!-- \/wp:heading -->\r\n\r\n<!-- wp:list --><\/p>\r\n<ul class=\"wp-block-list\"><!-- wp:list-item -->\r\n<li><strong>Nano banana prompt gener\u00e1tor<\/strong> (csak tagoknak)<\/li>\r\n<!-- \/wp:list-item -->\r\n\r\n<!-- wp:list-item -->\r\n<li>\u00daj, kedvezm\u00e9nyes csomag\u00e1rak: <a href=\"https:\/\/mifoto.hu\/beta\/csomagok\/\" target=\"_blank\" rel=\"noreferrer noopener\" data-type=\"link\" data-id=\"https:\/\/mifoto.hu\/beta\/csomagok\/\"><strong>LINK<\/strong><\/a><\/li>\r\n<\/ul>\r\n<!-- \/wp:paragraph -->\r\n\r\n<!-- wp:heading -->\r\n<h2 class=\"wp-block-heading\">Szeptember<\/h2>\r\n<!-- \/wp:heading -->\r\n\r\n<!-- wp:list -->\r\n<ul class=\"wp-block-list\"><!-- wp:list-item -->\r\n<li><strong>Prompt gener\u00e1tor<\/strong> (csak tagoknak)<\/li>\r\n<!-- \/wp:list-item -->\r\n\r\n<!-- wp:list-item -->\r\n<li>\u00daj, kedvezm\u00e9nyes csomag\u00e1rak: <a href=\"https:\/\/mifoto.hu\/beta\/csomagok\/\" target=\"_blank\" rel=\"noreferrer noopener\" data-type=\"link\" data-id=\"https:\/\/mifoto.hu\/beta\/csomagok\/\"><strong>LINK<\/strong><\/a><\/li>\r\n<!-- \/wp:list-item --><\/ul>\r\n<!-- \/wp:list -->\r\n\r\n<!-- wp:heading -->\r\n<h2 class=\"wp-block-heading\">Augusztus<\/h2>\r\n<!-- \/wp:heading -->\r\n\r\n<!-- wp:list -->\r\n<ul class=\"wp-block-list\"><!-- wp:list-item -->\r\n<li><a href=\"https:\/\/mifoto.hu\/beta\/gy-i-k\/\" data-type=\"link\" data-id=\"https:\/\/mifoto.hu\/beta\/gy-i-k\/\" target=\"_blank\" rel=\"noopener\"><strong><em>Gy.I.K.<\/em><\/strong><\/a> oldal a legfontosabb k\u00e9rd\u00e9sekkel, ami felmer\u00fclhet benned.<\/li>\r\n<!-- \/wp:list-item -->\r\n\r\n<!-- wp:list-item --><!-- \/wp:list-item -->\r\n\r\n<!-- wp:list-item -->\r\n<li>\u00daj csoport(ok): <a href=\"https:\/\/mifoto.hu\/beta\/csoportok\/inspirator\/\" target=\"_blank\" rel=\"noreferrer noopener\" data-type=\"link\" data-id=\"https:\/\/mifoto.hu\/beta\/csoportok\/inspirator\/\"><strong>Inspir\u00e1tor<\/strong><\/a> <em>(z\u00e1rt csak tagok regisztr\u00e1lhatnak)<\/em>, <a href=\"https:\/\/mifoto.hu\/beta\/csoportok\/google-gemini-image\/\" target=\"_blank\" rel=\"noreferrer noopener\" data-type=\"link\" data-id=\"https:\/\/mifoto.hu\/beta\/csoportok\/google-gemini-image\/\"><strong>Google Gemini Image<\/strong><\/a>, <a href=\"https:\/\/mifoto.hu\/beta\/csoportok\/retro\/\" target=\"_blank\" rel=\"noreferrer noopener\" data-type=\"link\" data-id=\"https:\/\/mifoto.hu\/beta\/csoportok\/retro\/\"><strong>Retro<\/strong><\/a><\/li>\r\n<!-- \/wp:list-item -->\r\n\r\n<!-- wp:list-item -->\r\n<li><a href=\"https:\/\/mifoto.hu\/beta\/jelvenyek-plecsnik\/\" target=\"_blank\" rel=\"noreferrer noopener\" data-type=\"link\" data-id=\"https:\/\/mifoto.hu\/beta\/jelvenyek-plecsnik\/\">Pontrendszer friss\u00edtve<\/a>. Aktivit\u00e1sodt\u00f3l f\u00fcgg\u0151en szerezhetsz pontokat, amit majd be tudsz v\u00e1ltani \u00e9rt\u00e9kes szolg\u00e1ltat\u00e1sokra.<\/li>\r\n<!-- \/wp:list-item -->\r\n\r\n<!-- wp:list-item -->\r\n<li><strong>\u00dajra aktiv\u00e1ltuk \u00e9s jav\u00edtottuk a <em><mark class=\"has-inline-color\" style=\"background-color: rgba(0, 0, 0, 0); color: #e9230d;\">Cseveg\u00e9s funkci\u00f3t<\/mark><\/em><\/strong> , \u00edgy m\u00e1r \u00e9l\u0151ben tudsz besz\u00e9lgetni a bar\u00e1taiddal, 1-1 csoport tagjaival. <br \/>M\u00e1r mobilon is el\u00e9rhet\u0151 egy kis ikon a lap alj\u00e1n.<\/li>\r\n<!-- \/wp:list-item -->\r\n\r\n<!-- wp:list-item -->\r\n<li>\u00daj hirdet\u00e9si fel\u00fclet \u00e9s l\u00e1that\u00f3s\u00e1g m\u00f3dos\u00edt\u00e1sa<\/li>\r\n<!-- \/wp:list-item --><\/ul>\r\n<!-- \/wp:list -->\r\n\r\n<!-- wp:paragraph -->\r\n<ul class=\"wp-block-list\"><!-- \/wp:list-item --><\/ul>\r\n<!-- \/wp:list -->\r\n\r\n<!-- wp:paragraph -->\r\n<p>&nbsp;<\/p>\r\n<!-- \/wp:paragraph -->","protected":false},"excerpt":{"rendered":"<input type=\"hidden\" value=\"\" data-essbisPostContainer=\"\" data-essbisPostUrl=\"https:\/\/www.mifoto.hu\/beta\/ujdonsagok\/\" data-essbisPostTitle=\"\u00dajdons\u00e1gok\" data-essbisHoverContainer=\"\"><p>\u00dajdons\u00e1gok &nbsp; A jobb \u00e1tl\u00e1that\u00f3s\u00e1g \u00e9rdek\u00e9ben hoztuk l\u00e9tre ezt az oldalt, ahol nyomon tudod k\u00f6vetni a k\u00f6z\u00f6ss\u00e9gi platformon megjelen\u0151 \u00fajdons\u00e1gokat, \u00faj funkci\u00f3kat. Sz\u00e1munkra fontos az inform\u00e1l\u00e1s, hogy tudd pontosan milyen fontosabb m\u00f3dos\u00edt\u00e1sok, \u00faj\u00edt\u00e1sok zajlanak a h\u00e1tt\u00e9rben, ami nem mindig l\u00e1tv\u00e1nyos, de minden esetben hasznos a platform eg\u00e9sz\u00e9re n\u00e9zve. &nbsp; M\u00e1rcius Elind\u00edtottuk a c\u00e9ges partnerprogramot, \u00e9s&#8230;<\/p>\n","protected":false},"author":1,"featured_media":0,"parent":0,"menu_order":0,"comment_status":"closed","ping_status":"closed","template":"elementor_theme","meta":{"pmpro_default_level":"","footnotes":""},"class_list":["post-9658","page","type-page","status-publish","hentry","pmpro-has-access"],"_links":{"self":[{"href":"https:\/\/www.mifoto.hu\/beta\/wp-json\/wp\/v2\/pages\/9658","targetHints":{"allow":["GET"]}}],"collection":[{"href":"https:\/\/www.mifoto.hu\/beta\/wp-json\/wp\/v2\/pages"}],"about":[{"href":"https:\/\/www.mifoto.hu\/beta\/wp-json\/wp\/v2\/types\/page"}],"author":[{"embeddable":true,"href":"https:\/\/www.mifoto.hu\/beta\/wp-json\/wp\/v2\/users\/1"}],"replies":[{"embeddable":true,"href":"https:\/\/www.mifoto.hu\/beta\/wp-json\/wp\/v2\/comments?post=9658"}],"version-history":[{"count":0,"href":"https:\/\/www.mifoto.hu\/beta\/wp-json\/wp\/v2\/pages\/9658\/revisions"}],"wp:attachment":[{"href":"https:\/\/www.mifoto.hu\/beta\/wp-json\/wp\/v2\/media?parent=9658"}],"curies":[{"name":"wp","href":"https:\/\/api.w.org\/{rel}","templated":true}]}}