{"id":9958,"date":"2025-11-17T11:00:12","date_gmt":"2025-11-17T10:00:12","guid":{"rendered":"https:\/\/mifoto.hu\/beta\/?page_id=9958"},"modified":"2025-11-17T11:38:30","modified_gmt":"2025-11-17T10:38:30","slug":"gy-i-k","status":"publish","type":"page","link":"https:\/\/www.mifoto.hu\/beta\/gy-i-k\/","title":{"rendered":"Gy.I.K."},"content":{"rendered":"<input type=\"hidden\" value=\"\" data-essbisPostContainer=\"\" data-essbisPostUrl=\"https:\/\/www.mifoto.hu\/beta\/gy-i-k\/\" data-essbisPostTitle=\"Gy.I.K.\" data-essbisHoverContainer=\"\"><p>&nbsp;<\/p>\n<h3 class=\"has-text-align-center\" style=\"text-align: center;\"><strong>GY.I.K.<\/strong><\/h3>\n<p class=\"has-text-align-center\" style=\"text-align: center;\">Gyakran Ism\u00e9telt K\u00e9rd\u00e9sek<\/p>\n<p>&nbsp;<\/p>\n<div class=\"wp-block-rank-math-faq-block\">\n<div class=\"rank-math-faq-item\">\n<h5>&#x2753; <span style=\"color: #339966;\">Mi\u00e9rt \u00e9rdemes regisztr\u00e1lnom a k\u00f6z\u00f6ss\u00e9gbe?<\/span><\/h5>\n<p>Mert az MiFoto.hu t\u00f6bb, mint egy oldal! Ez egy olyan <strong>k\u00f6z\u00f6ss\u00e9g\u00e9p\u00edt\u0151 platform<\/strong>, aminek l\u00e9trehoz\u00e1sakor nem titkolt c\u00e9l az volt, hogy egy \u00f6sszetart\u00f3, az AI ir\u00e1nt fog\u00e9kony, \u00e9s az \u00faj ismeretek fel\u00e9 nyitott mini k\u00f6z\u00f6ss\u00e9get alak\u00edtsunk ki <strong>K\u00d6Z\u00d6SEN, veled egy\u00fctt<\/strong>, hiszen csak \u00edgy fog m\u0171k\u00f6dni egy <strong>akt\u00edv k\u00f6z\u00f6ss\u00e9g<\/strong>, ahol csak \u00e9s kiz\u00e1r\u00f3lag a <strong>digit\u00e1lis m\u0171v\u00e9szet van a k\u00f6z\u00e9ppontban <\/strong>&#8211; legyen az gener\u00e1lt k\u00e9p, vagy AI \u00e1ltal szerkesztett saj\u00e1t alkot\u00e1s.<\/p>\n<p>Itt a k\u00e9peid val\u00f3di k\u00f6z\u00f6ns\u00e9g el\u00e9 ker\u00fclnek, akik \u00e9rtik \u00e9s \u00e9rt\u00e9kelik azt. K\u00e9peiddel m\u00e1sokat is inspir\u00e1lhatsz, mik\u00f6zben Te is tanulsz m\u00e1sokt\u00f3l. A kommunik\u00e1ci\u00f3 erej\u00e9t kihaszn\u00e1lva pedig seg\u00edthettek egym\u00e1snak \u00e9s \u00faj bar\u00e1ti kapcsolatokat alak\u00edthattok ki, ak\u00e1r kil\u00e9pve a virtu\u00e1lis t\u00e9rb\u0151l.<\/p>\n<p style=\"text-align: center;\"><strong><a href=\"https:\/\/www.mifoto.hu\/tagsagicsomaginfok\/\" target=\"_blank\" rel=\"noopener\">Regisztr\u00e1lj d\u00edjmentesen<\/a>, pr\u00f3b\u00e1ld ki, \u00e9s l\u00e9gy akt\u00edv tagja a most alakul\u00f3 k\u00f6z\u00f6ss\u00e9gnek.<\/strong><\/p>\n<p>&nbsp;<\/p>\n<\/div>\n<div class=\"rank-math-faq-item\">\n<h5 class=\"rank-math-question\">&#x2753; <span style=\"color: #339966;\">Val\u00f3ban ingyenes a regisztr\u00e1ci\u00f3, vagy vannak rejtett k\u00f6lts\u00e9gek?<\/span><\/h5>\n<div class=\"rank-math-answer\">A <strong>regisztr\u00e1ci\u00f3 val\u00f3ban ingyenes<\/strong>, \u00e9s nincsenek rejtett k\u00f6lts\u00e9gek. A regisztr\u00e1ci\u00f3t k\u00f6vet\u0151en <em>(ha nem v\u00e1lasztott\u00e1l m\u00e1s opci\u00f3t)<\/em> alapb\u00f3l a <strong>Free csomag<\/strong> minden alapfunkci\u00f3it el\u00e9red (ezt a <em><a href=\"https:\/\/www.mifoto.hu\/csomagok\/\" target=\"_blank\" rel=\"noopener\">csomagok oldalon<\/a><\/em> meg is tekintheted). Ha csomagot v\u00e1ltan\u00e1l \u00e9s szeretn\u00e9l el\u0151fizetni &#8211; ezzel el\u00e9rve az extra tartalmakat \u00e9s funkci\u00f3kat &#8211; azt k\u00f6nnyed\u00e9n megteheted p\u00e1r kattint\u00e1ssal. A STRIPE fizet\u00e9si rendszert haszn\u00e1ljuk. A havi id\u0151szak el\u0151tt b\u00e1rmikor m\u00f3dos\u00edthatsz, \u00edgy a fordul\u00f3napon m\u00e1r az \u00e1ltalad be\u00e1ll\u00edtottak lesznek \u00e9rv\u00e9nyben, de a d\u00f6nt\u00e9s mindig a ti\u00e9d marad.<\/div>\n<div><\/div>\n<p>&nbsp;<\/p>\n<\/div>\n<div class=\"rank-math-faq-item\">\n<h5 class=\"rank-math-question\">&#x2753; <span style=\"color: #339966;\">Miben k\u00fcl\u00f6nb\u00f6znek egym\u00e1st\u00f3l a csomagok, \u00e9s melyik val\u00f3 nekem?<\/span><\/h5>\n<div>A FREE csomagba is sz\u00e1mos hasznos funkci\u00f3t belepakoltunk, de a platform erej\u00e9t igaz\u00e1n a nagyon kedvez\u0151 \u00e1r\u00fa havi el\u0151fizet\u00e9ses PRO csomagban tudod el\u00e9rni. Ez \u00e1r-\u00e9rt\u00e9k ar\u00e1nyban annyira korrekt, hogy a havi d\u00edj\u00e9rt folyamatosan kapod a plusz extra tartalmakat, amiket a FREE userek nem \u00e9rnek el. Az \u00e1r j\u00f3 ideig nem fog v\u00e1ltozni, viszont ugyanaz\u00e9rt az \u00f6sszeg\u00e9rt egyre t\u00f6bbet kapsz. Ez az\u00e9rt meg\u00e9ri, nem?<br \/>\nT\u00f6bb saj\u00e1t fejleszt\u00e9s\u0171 mini applik\u00e1ci\u00f3kat is fejleszt\u00fcnk, amiket szint\u00e9n csak PRO tagok vehetnek ig\u00e9nybe. Emellett a j\u00f6v\u0151ben fogunk szervezni mini workshopokat is, ahol szint\u00e9n el\u0151nyt \u00e9lveznek majd az el\u0151fizet\u0151k.<br \/>\nA FREE csomag is t\u00f6k\u00e9letes, ha ink\u00e1bb n\u00e9zel\u0151dn\u00e9l, \u00e9s olvasn\u00e1l p\u00e1r cikket, ai -val kapcsolatos h\u00edreket, vagy hozz\u00e1sz\u00f3ln\u00e1l k\u00e9pekhez, cikkekhez, de nem szeretn\u00e9l k\u00e9peket felt\u00f6lteni a platformra, vagy megel\u00e9gszel a jelenlegi ismereteiddel a mesters\u00e9ges intelligencia ter\u00e9n.<\/div>\n<div class=\"rank-math-answer\"><\/div>\n<p>&nbsp;<\/p>\n<\/div>\n<div class=\"rank-math-faq-item\">\n<h5 class=\"rank-math-question\">&#x2753; <span style=\"color: #339966;\">Biztos, hogy meg\u00e9ri el\u0151fizetnem, ha nem vagyok profi?<\/span><\/h5>\n<div class=\"rank-math-answer\">Persze! Az MiFoto.hu platformon megf\u00e9r amat\u0151r \u00e9s halad\u00f3 egym\u00e1s mellett, mi pedig a h\u00e1tt\u00e9rben sas szemeinkkel figyel\u00fcnk mindent, \u00e9s ha net\u00e1n bet\u00e9vedne valaki, aki nem tartja tiszteletben a k\u00f6z\u00f6ss\u00e9g szab\u00e1lyait (vagy csak sim\u00e1n trollkodik), r\u00f6vid t\u00e1von kapun k\u00edv\u00fcl tal\u00e1lja mag\u00e1t.<br \/>\nA f\u0151 c\u00e9lunk az, hogy egy olyan k\u00f6z\u00f6ss\u00e9g alakuljon itt ki, akik egym\u00e1st seg\u00edtik, t\u00e1mogatj\u00e1k (javaslatokkal, \u00f6tletekkel), id\u0151nk\u00e9nt meetupok keret\u00e9ben \u00f6sszedugva kobakunkat fejl\u0151dj\u00fcnk, mik\u00f6zben a platformon alap eduk\u00e1ci\u00f3t is v\u00e9gz\u00fcnk a k\u00fcl\u00f6nf\u00e9le cikkekkel, tartalmakkal. A PRO csomag tagjak\u00e9nt pedig amolyan &#8220;kiskir\u00e1lynak&#8221; is \u00e9rezheted magad, hiszen az extra tartalmak mellett a figyelm\u00fcnk is jobban \u00f6sszpontosul r\u00e1d. Ezt a k\u00fcl\u00f6nf\u00e9le social oldalak nem tudj\u00e1k megoldani. \ud83d\ude09<\/div>\n<div><\/div>\n<p>&nbsp;<\/p>\n<\/div>\n<div class=\"rank-math-faq-item\">\n<h5 class=\"rank-math-question\">&#x2753;<span style=\"color: #339966;\">Mi t\u00f6rt\u00e9nik, ha lemondom az el\u0151fizet\u00e9st vagy nem fizetem be id\u0151ben?<\/span><\/h5>\n<div class=\"rank-math-answer\">Semmi dr\u00e1mai: <strong>a fi\u00f3kod nem t\u00f6rl\u0151dik<\/strong>, csak vissza\u00e1ll az ingyenes csomagra (ha el\u0151fizet\u0151 volt\u00e1l). A STRIPE a fordul\u00f3napon automatikusan meg\u00faj\u00edtja <em>( levonja az \u00f6sszeget)<\/em> az el\u0151fizet\u00e9sedet, ha nem v\u00e1ltoztatt\u00e1l rajta ezt megel\u0151z\u0151en. A k\u00e9peid \u00e9s a profilod megmarad, \u00edgy b\u00e1rmikor \u00fajra d\u00f6nthetsz, ha ism\u00e9t szeretn\u00e9d \u00e9lvezni a pr\u00e9mium el\u0151ny\u00f6ket.<br \/>\n<em>(A profilodat Te tudod t\u00f6r\u00f6lni, vagy k\u00e9r\u00e9sre Mi is megtessz\u00fck, illetve olyan esetben t\u00f6r\u00f6lj\u00fck, ha a platformot vesz\u00e9lyezteti, rossz sz\u00ednben t\u00fcnteti fel, stb.)<\/em> &#8211; Tov\u00e1bbi r\u00e9szleteket az <a href=\"https:\/\/mifoto.hu\/beta\/aszf\/\" target=\"_blank\" rel=\"noreferrer noopener\" data-id=\"https:\/\/mifoto.hu\/beta\/aszf\/\" data-type=\"link\">\u00c1SZF<\/a>-ben \u00e9s az <a href=\"https:\/\/mifoto.hu\/beta\/adatkezelesi\/\" target=\"_blank\" rel=\"noreferrer noopener\" data-id=\"https:\/\/mifoto.hu\/beta\/adatkezelesi\/\" data-type=\"link\">Adatkezel\u00e9si t\u00e1j\u00e9koztat\u00f3ban<\/a> olvashatsz.<\/div>\n<div><\/div>\n<p>&nbsp;<\/p>\n<\/div>\n<div class=\"rank-math-faq-item\">\n<h5 class=\"rank-math-question\">&#x2753; <span style=\"color: #339966;\">Mi t\u00f6rt\u00e9nik a k\u00e9peimmel, amikor felt\u00f6lt\u00f6m \u0151ket? Biztons\u00e1gban vannak?<\/span><\/h5>\n<div class=\"rank-math-answer\">A k\u00e9peid mindig a te tulajdonod maradnak<em> (att\u00f3l f\u00fcgg\u0151en, hogy a k\u00e9pgener\u00e1l\u00f3 saj\u00e1t szab\u00e1lyzata mit \u00edr el\u0151 kett\u0151t\u00f6k k\u00f6z\u00f6tt)<\/em>. Az MIfoto.hu egy k\u00f6z\u00f6ss\u00e9gi fel\u00fclet <em>(mint ak\u00e1rmelyik social media oldal)<\/em>, ahol a k\u00e9peidet megosztod, teh\u00e1t felker\u00fclnek a MI server\u00fcnkre is, amit az MIfoto.hu csak referenciak\u00e9nt haszn\u00e1l fel hirdet\u00e9sre, prom\u00f3ci\u00f3ra a szerz\u0151 nicknev\u00e9nek felt\u00fcntet\u00e9se mellett, k\u00fcl\u00f6n nem tov\u00e1bb\u00edtjuk harmadik f\u00e9lnek, DE garanci\u00e1t \u00e9s felel\u0151ss\u00e9get nem v\u00e1llalunk m\u00e1s \u00e1ltali let\u00f6lt\u00e9sekre, \u00e9s azok felhaszn\u00e1l\u00e1s\u00e1ra, tov\u00e1bbi r\u00e1hat\u00e1sunk a k\u00e9p \u00fatj\u00e1ra nincs. Ami az internetre felker\u00fclt, az szinte b\u00e1rki sz\u00e1m\u00e1ra el\u00e9rhet\u0151, ez\u00e9rt felt\u00f6lt\u00e9s el\u0151tt gondold v\u00e9gig ezeket. Azt javasoljuk olyan fot\u00f3kat ossz meg, amit m\u00e1s oldalon is szint\u00e9n megosztan\u00e1l, \u00e9s nem s\u00e9rt semmilyen jogi \u00e9s szellemi \u00e9rt\u00e9ket \u00e9s \u00e9rdeket.<br \/>\nEzzel kapcsolatos inform\u00e1ci\u00f3kat az <a href=\"https:\/\/mifoto.hu\/beta\/aszf\/\" target=\"_blank\" rel=\"noreferrer noopener\" data-id=\"https:\/\/mifoto.hu\/beta\/aszf\/\" data-type=\"link\">\u00c1SZF<\/a>-ben \u00e9s az <a href=\"https:\/\/mifoto.hu\/beta\/adatkezelesi\/\" target=\"_blank\" rel=\"noreferrer noopener\" data-id=\"https:\/\/mifoto.hu\/beta\/adatkezelesi\/\" data-type=\"link\">Adatkezel\u00e9si t\u00e1j\u00e9koztat\u00f3ban<\/a> olvashatsz.<\/div>\n<div><\/div>\n<p>&nbsp;<\/p>\n<\/div>\n<div class=\"rank-math-faq-item\">\n<h5 class=\"rank-math-question\">&#x2753; <span style=\"color: #339966;\">Ki birtokolja a jogokat a felt\u00f6lt\u00f6tt fot\u00f3im felett?<\/span><\/h5>\n<div class=\"rank-math-answer\">Te! Mindig te maradsz a szerz\u0151i jog tulajdonosa, \u00e9s egyben Te is felelsz az\u00e9rt, hogy az ne s\u00e9rtsen semmilyen szellemi tulajdont. Az MiFoto.hu platform lehet\u0151s\u00e9get ad neked arra, hogy a k\u00e9peid l\u00e1that\u00f3v\u00e1 v\u00e1ljanak m\u00e1sok sz\u00e1m\u00e1ra \u00e9s adott esetben el\u0151seg\u00edts\u00fck ezzel a j\u00f6v\u0151beni fejl\u0151d\u00e9sedet &#8211; vonatkozik ez a cikkekre is. Viszont, ahogy fentebb is \u00edrtuk az MIfoto.hu fenntartja a jogot arra, hogy a server\u00fcnkre felt\u00f6lt\u00f6tt anyagokat referenciak\u00e9nt felhaszn\u00e1lhassa k\u00fcl\u00f6n d\u00edjaz\u00e1s n\u00e9lk\u00fcl.<br \/>\nTov\u00e1bbi r\u00e9szleteket az <a href=\"https:\/\/mifoto.hu\/beta\/aszf\/\" target=\"_blank\" rel=\"noreferrer noopener\" data-id=\"https:\/\/mifoto.hu\/beta\/aszf\/\" data-type=\"link\">\u00c1SZF<\/a>-ben \u00e9s az <a href=\"https:\/\/mifoto.hu\/beta\/adatkezelesi\/\" target=\"_blank\" rel=\"noreferrer noopener\" data-id=\"https:\/\/mifoto.hu\/beta\/adatkezelesi\/\" data-type=\"link\">Adatkezel\u00e9si t\u00e1j\u00e9koztat\u00f3ban<\/a> olvashatsz.<\/div>\n<div><\/div>\n<p>&nbsp;<\/p>\n<\/div>\n<div class=\"rank-math-faq-item\">\n<h5 class=\"rank-math-question\">&#x2753; <span style=\"color: #339966;\">Mennyire akt\u00edv a k\u00f6z\u00f6ss\u00e9g, t\u00e9nyleg kapok visszajelz\u00e9seket a fot\u00f3imra?<\/span><\/h5>\n<div class=\"rank-math-answer\">Igen, ez az oldal lelke! A tagok itt nem csak n\u00e9znek, hanem <strong>val\u00f3di visszajelz\u00e9seket adnak<\/strong>. Kommentelnek, l\u00e1jkolnak, inspir\u00e1lnak. \u00c1m mivel ez egy nemr\u00e9g indult startup v\u00e1llalkoz\u00e1s, \u00edgy id\u0151 kell a beindul\u00e1shoz, amihez a TE akt\u00edv r\u00e9szv\u00e9teledre is sz\u00fcks\u00e9g van, csak \u00edgy lesz egy <strong>j\u00f3, \u00f6sszetart\u00f3 k\u00f6z\u00f6ss\u00e9g<\/strong> a platformon. Ha fontos neked, hogy a k\u00e9peidet ne csak te l\u00e1sd, hanem m\u00e1sok is \u00e9rt\u00e9kelj\u00e9k, mindezt Facebook mentesen, trollkod\u00e1s n\u00e9lk\u00fcl, akkor gyere \u00e9s haszn\u00e1ld a platformot.<\/div>\n<\/div>\n<div style=\"text-align: center;\"><strong><a href=\"https:\/\/www.mifoto.hu\/tagsagicsomaginfok\/\" target=\"_blank\" rel=\"noopener\">Regisztr\u00e1lj d\u00edjmentesen<\/a>, pr\u00f3b\u00e1ld ki, \u00e9s l\u00e9gy akt\u00edv tagja a most alakul\u00f3 k\u00f6z\u00f6ss\u00e9gnek.<\/strong><\/div>\n<div class=\"rank-math-faq-item\">\n<p>&nbsp;<\/p>\n<\/div>\n<div class=\"rank-math-faq-item\">\n<h5 class=\"rank-math-question\">&#x2753; <span style=\"color: #339966;\">Hogyan m\u0171k\u00f6dik a pontgy\u0171jt\u00e9s?<\/span><\/h5>\n<div class=\"rank-math-answer\">Szinte minden aktivit\u00e1s\u00e9rt pontokat kapsz. Min\u00e9l akt\u00edvabb vagy, ann\u00e1l t\u00f6bb pontot zsebelhetsz be \u00e9s a ranglist\u00e1n is el\u0151kel\u0151 helyen fogsz szerepelni, \u00e9s j\u00f3 es\u00e9llyel a k\u00e9ped is kiemelt st\u00e1tuszt fog kapni. Valljuk be:<strong> j\u00f3 \u00e9rz\u00e9s, ha kiemelt szerepet kapsz a k\u00f6z\u00f6ss\u00e9gben!<\/strong><\/div>\n<div><\/div>\n<p>&nbsp;<\/p>\n<\/div>\n<div class=\"rank-math-faq-item\">\n<h5 class=\"rank-math-question\">&#x2753;<span style=\"color: #339966;\"> Kapok seg\u00edts\u00e9get, ha elakadok a haszn\u00e1lat k\u00f6zben?<\/span><\/h5>\n<div class=\"rank-math-answer\">Term\u00e9szetesen! Az MiFoto.hu csapata \u00e9s k\u00f6z\u00f6ss\u00e9ge is mindig ott van melletted. Nem maradsz egyed\u00fcl, ha k\u00e9rd\u00e9sed van. Folyamatosan azon dolgozunk, hogy az itt t\u00f6lt\u00f6tt id\u0151 tartalmas, motiv\u00e1l\u00f3 \u00e9s inspir\u00e1l\u00f3 legyen sz\u00e1modra, de ehhez az\u00e9rt a Te aktivit\u00e1sodra is sz\u00fcks\u00e9g lesz. Ha k\u00e9rd\u00e9sed lenne, vedd fel vel\u00fcnk a kapcsolatot a help@mifoto.hu c\u00edmen, vagy \u00edrj a <em><strong><span style=\"text-decoration: underline;\"><a href=\"https:\/\/www.mifoto.hu\/csoportok\/csevegos\/\" target=\"_blank\" rel=\"noopener\">cseveg\u0151s csoportba<\/a><\/span><\/strong><\/em>.<\/div>\n<div><\/div>\n<p>&nbsp;<\/p>\n<\/div>\n<\/div>\n","protected":false},"excerpt":{"rendered":"<input type=\"hidden\" value=\"\" data-essbisPostContainer=\"\" data-essbisPostUrl=\"https:\/\/www.mifoto.hu\/beta\/gy-i-k\/\" data-essbisPostTitle=\"Gy.I.K.\" data-essbisHoverContainer=\"\"><p>&nbsp; GY.I.K. Gyakran Ism\u00e9telt K\u00e9rd\u00e9sek &nbsp; &#x2753; Mi\u00e9rt \u00e9rdemes regisztr\u00e1lnom a k\u00f6z\u00f6ss\u00e9gbe? Mert az MiFoto.hu t\u00f6bb, mint egy oldal! Ez egy olyan k\u00f6z\u00f6ss\u00e9g\u00e9p\u00edt\u0151 platform, aminek l\u00e9trehoz\u00e1sakor nem titkolt c\u00e9l az volt, hogy egy \u00f6sszetart\u00f3, az AI ir\u00e1nt fog\u00e9kony, \u00e9s az \u00faj ismeretek fel\u00e9 nyitott mini k\u00f6z\u00f6ss\u00e9get alak\u00edtsunk ki K\u00d6Z\u00d6SEN, veled egy\u00fctt, hiszen csak \u00edgy fog&#8230;<\/p>\n","protected":false},"author":1,"featured_media":9991,"parent":0,"menu_order":0,"comment_status":"closed","ping_status":"closed","template":"","meta":{"pmpro_default_level":"","footnotes":""},"class_list":["post-9958","page","type-page","status-publish","has-post-thumbnail","hentry","pmpro-has-access"],"_links":{"self":[{"href":"https:\/\/www.mifoto.hu\/beta\/wp-json\/wp\/v2\/pages\/9958","targetHints":{"allow":["GET"]}}],"collection":[{"href":"https:\/\/www.mifoto.hu\/beta\/wp-json\/wp\/v2\/pages"}],"about":[{"href":"https:\/\/www.mifoto.hu\/beta\/wp-json\/wp\/v2\/types\/page"}],"author":[{"embeddable":true,"href":"https:\/\/www.mifoto.hu\/beta\/wp-json\/wp\/v2\/users\/1"}],"replies":[{"embeddable":true,"href":"https:\/\/www.mifoto.hu\/beta\/wp-json\/wp\/v2\/comments?post=9958"}],"version-history":[{"count":0,"href":"https:\/\/www.mifoto.hu\/beta\/wp-json\/wp\/v2\/pages\/9958\/revisions"}],"wp:featuredmedia":[{"embeddable":true,"href":"https:\/\/www.mifoto.hu\/beta\/wp-json\/wp\/v2\/media\/9991"}],"wp:attachment":[{"href":"https:\/\/www.mifoto.hu\/beta\/wp-json\/wp\/v2\/media?parent=9958"}],"curies":[{"name":"wp","href":"https:\/\/api.w.org\/{rel}","templated":true}]}}